{"id":32,"date":"2019-05-09T22:42:39","date_gmt":"2019-05-09T20:42:39","guid":{"rendered":"http:\/\/hannoveranerdanmark.dk\/?page_id=32"},"modified":"2019-05-20T15:23:21","modified_gmt":"2019-05-20T13:23:21","slug":"arrangementer","status":"publish","type":"page","link":"https:\/\/hannoveranerdanmark.dk\/en\/arrangementer\/","title":{"rendered":"Arrangementer"},"content":{"rendered":"<div class=\"wp-block-columns has-2-columns\">\n<div class=\"wp-block-column\">\n<h2>Hannoveraner k\u00e5ring 2019<\/h2>\n\n\n\n<p>\u00d8lgod Rideklub  21-06-2019<br>Ringsted Team Cabe&nbsp;22-06-2019  <\/p>\n\n\n\n<h3>Tilmeld: <\/h3>\n\n\n\n<h4>Ringsted:<\/h4>\n\n\n\n\n\n<h4>\u00d8lgod:<\/h4>\n\n\n<\/div>\n\n\n\n<div class=\"wp-block-column\">\n<figure class=\"wp-block-image\"><img loading=\"lazy\" width=\"640\" height=\"960\" src=\"http:\/\/hannoveranerdanmark.dk\/wp-content\/uploads\/2019\/05\/13627199_10208807612321592_7881037104954211611_n-1.jpg\" alt=\"\" class=\"wp-image-127\" srcset=\"https:\/\/hannoveranerdanmark.dk\/wp-content\/uploads\/2019\/05\/13627199_10208807612321592_7881037104954211611_n-1.jpg 640w, https:\/\/hannoveranerdanmark.dk\/wp-content\/uploads\/2019\/05\/13627199_10208807612321592_7881037104954211611_n-1-200x300.jpg 200w\" sizes=\"(max-width: 640px) 100vw, 640px\" \/><\/figure>\n<\/div>\n<\/div>\n\n\n\n<p style=\"font-size:1px\">.<\/p>","protected":false},"excerpt":{"rendered":"<p>Hannoveraner k\u00e5ring 2019 \u00d8lgod Rideklub 21-06-2019Ringsted Team Cabe&nbsp;22-06-2019 Tilmeld: Ringsted: \u00d8lgod: .<\/p>","protected":false},"author":1,"featured_media":0,"parent":0,"menu_order":0,"comment_status":"closed","ping_status":"closed","template":"","meta":{"_monsterinsights_skip_tracking":false,"_monsterinsights_sitenote_active":false,"_monsterinsights_sitenote_note":"","_monsterinsights_sitenote_category":0},"_links":{"self":[{"href":"https:\/\/hannoveranerdanmark.dk\/en\/wp-json\/wp\/v2\/pages\/32"}],"collection":[{"href":"https:\/\/hannoveranerdanmark.dk\/en\/wp-json\/wp\/v2\/pages"}],"about":[{"href":"https:\/\/hannoveranerdanmark.dk\/en\/wp-json\/wp\/v2\/types\/page"}],"author":[{"embeddable":true,"href":"https:\/\/hannoveranerdanmark.dk\/en\/wp-json\/wp\/v2\/users\/1"}],"replies":[{"embeddable":true,"href":"https:\/\/hannoveranerdanmark.dk\/en\/wp-json\/wp\/v2\/comments?post=32"}],"version-history":[{"count":17,"href":"https:\/\/hannoveranerdanmark.dk\/en\/wp-json\/wp\/v2\/pages\/32\/revisions"}],"predecessor-version":[{"id":150,"href":"https:\/\/hannoveranerdanmark.dk\/en\/wp-json\/wp\/v2\/pages\/32\/revisions\/150"}],"wp:attachment":[{"href":"https:\/\/hannoveranerdanmark.dk\/en\/wp-json\/wp\/v2\/media?parent=32"}],"curies":[{"name":"wp","href":"https:\/\/api.w.org\/{rel}","templated":true}]}}