{"id":3312,"date":"2021-04-26T12:13:17","date_gmt":"2021-04-26T10:13:17","guid":{"rendered":"http:\/\/hannoveranerdanmark.dk\/?page_id=3312"},"modified":"2021-04-26T12:13:17","modified_gmt":"2021-04-26T10:13:17","slug":"ansvarsfraskrivelse-af-hannoveraner-danmark","status":"publish","type":"page","link":"https:\/\/hannoveranerdanmark.dk\/en\/ansvarsfraskrivelse-af-hannoveraner-danmark\/","title":{"rendered":"Ansvarsfraskrivelse af Hannoveraner Danmark"},"content":{"rendered":"<div class=\"wp-block-columns\">\n<div class=\"wp-block-column\">\n<ol><li>Al indhold inklusive logoer, tekst, grafik, billeder og videoer er Hannoveraner Denmarks ejendom. Indholdet er beskyttet af loven om ophavsret, og gengivelse eller videredistribution af hjemmesidens informationer i be- eller ubearbejdet form er derfor ikke tilladt uden forudg\u00e5ende skriftlige tilladelse fra Hannoveraner Denmark. .<\/li><li>Hannoveraner Denmark fors\u00f8ger efter bedste evne at sikre, at alle informationer er s\u00e5 pr\u00e6cise som muligt, men fraskriver os ethvert ansvar for direkte eller indirekte tab og skader, der m\u00e5tte opst\u00e5 som f\u00f8lge af brugen af informationerne. Det g\u00e6lder ogs\u00e5 eventuelle computervira for\u00e5rsaget af downloads.<\/li><li>Hannoveraner Denmark kan ligeledes ikke g\u00f8res ansvarlig for indholdet (eller mangel herp\u00e5) p\u00e5 de websites og eksterne dokumenter, vi linker til.<\/li><li>Form\u00e5let med oplysningerne p\u00e5 hjemmesiden er udelukkende af generel vejledende karakter. Al anvendelsen sker p\u00e5 brugerens eget ansvar.<\/li><li>Hannoveraner Denmark er berettiget til p\u00e5 ethvert tidspunkt at \u00e6ndre hjemmesidens indhold uden forudg\u00e5ende varsel.<\/li><li>Hjemmesiden og eventuel brug heraf er underlagt dansk ret. Tvister, som opst\u00e5r ud fra indholdet p\u00e5 hjemmesiden, skal afg\u00f8res efter dansk ret ved de danske domstole.<\/li><\/ol>\n\n\n\n<p>Personoplysninger behandles i overensstemmelse med den til enhver tid g\u00e6ldende lovgivning om persondatabeskyttelse. Ved brug af hjemmesiden eller tilknyttede subsite lagres cookies p\u00e5 brugerens enhed, og du kan l\u00e6se om Hannoveraner Denmarks <a href=\"http:\/\/hannoveranerdanmark.dk\/wp-admin\/customize.php?url=http%3A%2F%2Fhannoveranerdanmark.dk%2Fkaaring%2F\">cookie politik<\/a> her.<\/p>\n\n\n\n<p>For yderligere information eller anmodning om korrektion i tilf\u00e6lde af fejl kontakt venligst Hannoveraner Denmark p\u00e5 <a href=\"https:\/\/admin.gandi.net\/domain\/faa56d46-9870-11e7-938b-00163ec31f40\/hannoveranerdanmark.dk\/mail\/mailboxes\/7c0e96d5-8d05-4cd5-835e-d87967b3b654\/edit\">admin@hannoveranerdanmark.dk<\/a>.<\/p>\n<\/div>\n<\/div>","protected":false},"excerpt":{"rendered":"<p>Al indhold inklusive logoer, tekst, grafik, billeder og videoer er Hannoveraner Denmarks ejendom. Indholdet er beskyttet af loven om ophavsret, og gengivelse eller videredistribution af hjemmesidens informationer i be- eller&#8230;<\/p>","protected":false},"author":1,"featured_media":0,"parent":0,"menu_order":0,"comment_status":"closed","ping_status":"closed","template":"","meta":{"_monsterinsights_skip_tracking":false,"_monsterinsights_sitenote_active":false,"_monsterinsights_sitenote_note":"","_monsterinsights_sitenote_category":0},"_links":{"self":[{"href":"https:\/\/hannoveranerdanmark.dk\/en\/wp-json\/wp\/v2\/pages\/3312"}],"collection":[{"href":"https:\/\/hannoveranerdanmark.dk\/en\/wp-json\/wp\/v2\/pages"}],"about":[{"href":"https:\/\/hannoveranerdanmark.dk\/en\/wp-json\/wp\/v2\/types\/page"}],"author":[{"embeddable":true,"href":"https:\/\/hannoveranerdanmark.dk\/en\/wp-json\/wp\/v2\/users\/1"}],"replies":[{"embeddable":true,"href":"https:\/\/hannoveranerdanmark.dk\/en\/wp-json\/wp\/v2\/comments?post=3312"}],"version-history":[{"count":1,"href":"https:\/\/hannoveranerdanmark.dk\/en\/wp-json\/wp\/v2\/pages\/3312\/revisions"}],"predecessor-version":[{"id":3313,"href":"https:\/\/hannoveranerdanmark.dk\/en\/wp-json\/wp\/v2\/pages\/3312\/revisions\/3313"}],"wp:attachment":[{"href":"https:\/\/hannoveranerdanmark.dk\/en\/wp-json\/wp\/v2\/media?parent=3312"}],"curies":[{"name":"wp","href":"https:\/\/api.w.org\/{rel}","templated":true}]}}