{"id":3318,"date":"2021-04-26T12:45:46","date_gmt":"2021-04-26T10:45:46","guid":{"rendered":"http:\/\/hannoveranerdanmark.dk\/?page_id=3318"},"modified":"2021-04-26T12:45:47","modified_gmt":"2021-04-26T10:45:47","slug":"persondatapolitik","status":"publish","type":"page","link":"https:\/\/hannoveranerdanmark.dk\/en\/persondatapolitik\/","title":{"rendered":"Persondatapolitik"},"content":{"rendered":"<div class=\"wp-block-columns\">\n<div class=\"wp-block-column\">\n<p><strong>Persondatapolitik hos Hannoveraner Danmark<\/strong><\/p>\n\n\n\n<p>Vi indhenter kun persondata i de tilf\u00e6lde, hvor dette skulle v\u00e6re relevant for os, og vi vil kun indhente persondata, hvis det er relevant for din aktivitet hos Hannoveraner Danmark.<\/p>\n\n\n\n<p>Ved indsamling, behandling og anvendelse af dine persondata overholder vi altid alle relevante og g\u00e6ldende lovbestemmelser.<\/p>\n\n\n\n<p>Vi vil kun opbevare dine persondata, s\u00e5 l\u00e6nge vi enten er p\u00e5lagt en juridisk forpligtelse hertil, eller s\u00e5 l\u00e6nge det er relevant for den hensigt, hvormed de blev indsamlet.<\/p>\n\n\n\n<p><strong>Oplysninger vi indsamler<\/strong><\/p>\n\n\n\n<p>Hvis du \u00f8nsker at k\u00f8be og modtage et produkt eller en ydelse fra os, har vi brug for at indsamle visse persondata for at kunne gennemf\u00f8re handlen og for at kunne tilbyde dig vores services.<\/p>\n\n\n\n<p>Vi kan indhente oplysninger som f.eks. navn, e-mailadresse, postadresse og telefonnummer.<\/p>\n\n\n\n<p>Hannoveraner Danmark indsamler og behandler dine persondata, n\u00e5r du foretager dig f\u00f8lgende:<\/p>\n\n\n\n<ul><li>Bes\u00f8ger vores hjemmeside<\/li><\/ul>\n\n\n\n<p><strong>Den dataansvarlige<\/strong><\/p>\n\n\n\n<p>Den dataansvarlige for indsamling, behandling og anvendelse af dine personoplysninger p\u00e5 Hannoveranerdanmark.dk er Hannoveraner Danmark.<\/p>\n\n\n\n<p><strong>Behandlingsgrundlag og form\u00e5l<\/strong><\/p>\n\n\n\n<p>Dine almindelige kontaktoplysninger som navn og adresse indhenter vi for at kunne registrer dine tilmedlinger til arrangementer udarbejdet af hannoveraner danmark.<\/p>\n\n\n\n<p>Dine oplysninger vil blive slettet efter endt arrangement som du har tilmeldt dig.<\/p>\n\n\n\n<p><strong>Andre modtagere af personoplysninger<\/strong><\/p>\n\n\n\n<p>Vi s\u00e6lger ikke dine persondata til tredjemand, og vi overf\u00f8rer ikke dine persondata til tredjelande.<\/p>\n\n\n\n<p>Vi har vores hjemmeside hos gandi.net, som fungerer som vores databehandler. Alle persondata som du oplyser p\u00e5 vores hjemmeside vil blive opbevaret i gandi.nets datacentre.<\/p>\n\n\n\n<p>Vi bruger eksterne virksomheder som leverand\u00f8rer for at levere vores ydelser bedst muligt. Disse eksterne leverand\u00f8rer er databehandlere og behandler i visse tilf\u00e6lde personoplysninger i forbindelse med deres levering af ydelser til os. Vores databehandlere behandler kun personoplysninger efter vores instrukser og i overensstemmelse med lovgivningens krav til databehandlere.<\/p>\n\n\n\n<p>Vi har indg\u00e5et databehandleraftaler med vores databehandlere, hvilket er vores og din garanti for, at de overholder g\u00e6ldende regler om beskyttelse af dine personoplysninger.<\/p>\n\n\n\n<p><strong>Dine rettigheder<\/strong><\/p>\n\n\n\n<p>Som den registrerede har du en r\u00e6kke rettigheder, som vi til enhver tid skal sikre opfyldelse af. Du har ret til at anmode os om f\u00f8lgende:<br>\u2022 At f\u00e5 adgang til og f\u00e5 \u00e6ndret dine persondata<br>\u2022 At f\u00e5 slettet persondata<\/p>\n\n\n\n<p>Du har derudover ret til at protestere over behandlingen af dine personlige data, og du har ret til at indgive klage til en databeskyttelsesmyndighed.<\/p>\n\n\n\n<p>\u00d8nsker du ikke l\u00e6ngere, at vi skal behandle dine personoplysninger, eller at vi skal begr\u00e6nse behandlingen af dine personoplysninger, kan du ogs\u00e5 sende os en anmodning herom til admin@hannoveranerdanmark.dk.<\/p>\n<\/div>\n<\/div>","protected":false},"excerpt":{"rendered":"<p>Persondatapolitik hos Hannoveraner Danmark Vi indhenter kun persondata i de tilf\u00e6lde, hvor dette skulle v\u00e6re relevant for os, og vi vil kun indhente persondata, hvis det er relevant for din&#8230;<\/p>","protected":false},"author":1,"featured_media":0,"parent":0,"menu_order":0,"comment_status":"closed","ping_status":"closed","template":"","meta":{"_monsterinsights_skip_tracking":false,"_monsterinsights_sitenote_active":false,"_monsterinsights_sitenote_note":"","_monsterinsights_sitenote_category":0},"_links":{"self":[{"href":"https:\/\/hannoveranerdanmark.dk\/en\/wp-json\/wp\/v2\/pages\/3318"}],"collection":[{"href":"https:\/\/hannoveranerdanmark.dk\/en\/wp-json\/wp\/v2\/pages"}],"about":[{"href":"https:\/\/hannoveranerdanmark.dk\/en\/wp-json\/wp\/v2\/types\/page"}],"author":[{"embeddable":true,"href":"https:\/\/hannoveranerdanmark.dk\/en\/wp-json\/wp\/v2\/users\/1"}],"replies":[{"embeddable":true,"href":"https:\/\/hannoveranerdanmark.dk\/en\/wp-json\/wp\/v2\/comments?post=3318"}],"version-history":[{"count":1,"href":"https:\/\/hannoveranerdanmark.dk\/en\/wp-json\/wp\/v2\/pages\/3318\/revisions"}],"predecessor-version":[{"id":3319,"href":"https:\/\/hannoveranerdanmark.dk\/en\/wp-json\/wp\/v2\/pages\/3318\/revisions\/3319"}],"wp:attachment":[{"href":"https:\/\/hannoveranerdanmark.dk\/en\/wp-json\/wp\/v2\/media?parent=3318"}],"curies":[{"name":"wp","href":"https:\/\/api.w.org\/{rel}","templated":true}]}}