{"id":3471,"date":"2022-04-16T12:52:18","date_gmt":"2022-04-16T10:52:18","guid":{"rendered":"http:\/\/hannoveranerdanmark.dk\/?page_id=3471"},"modified":"2026-03-22T12:47:44","modified_gmt":"2026-03-22T11:47:44","slug":"vedtaegter","status":"publish","type":"page","link":"https:\/\/hannoveranerdanmark.dk\/en\/vedtaegter\/","title":{"rendered":"Vedt\u00e6gter"},"content":{"rendered":"<div class=\"wp-block-columns\">\r\n<div class=\"wp-block-column\">\r\n<p><strong>\u00a7 1<br \/>Foreningens navn, hovedkontor, hjemsted, regnskabs\u00e5r og ansvar over for tredjeparter:<br \/><\/strong><\/p>\r\n\r\n\r\n\r\n<p>Foreningens navn er Hannoveraner Avlsforeningen i Danmark. Foreningens aktiviteter omfatter servicering af medlemmer og afholdelse af arrangementer og andre aktiviteter relaterende til avlen af Hannoveranere i Danmark. Foreningens hovedkontor er altid tilknyttet til et bestyrelsesmedlems adresse. Foreningens finansielle \u00e5r er kalender\u00e5ret. Foreningen er tilknyttet \u201dHannoveraner Verband e.V.\u201d i Verden. Foreningen er godkendt som en samarbejdende dansk interesseorganisation underlagt avlsforbundet Hannoveraner Verband e.V. Foreningen skal indenfor dansk lovgivning f\u00f8lge retningslinjer og instrukser videregivet fra Hannoveraner Verband e.V. Stambogsreglerne for Hannoveraner Verband e.V. er en del af disse vedt\u00e6gter. Medlemmerne af denne forening er ikke personlig ansvarlig for foreningens forpligtelser og h\u00e6fter ikke personligt. Foreningen h\u00e6fter kun med foreningens midler overfor tredje part.<\/p>\r\n<p>Disse vedt\u00e6gter er udelukkende g\u00e6ldende for medlemmer af Hannoveraner Avlsforeningen i Danmark\u201d. Hestene bliver identificeret i overensstemmelse med dansk ELLER TYSK (VALGFRIT) lovgivning, samt DNA testet og registreret i Tyskland.<\/p>\r\n\r\n\r\n\r\n<p><strong>\u00a7 2<\/strong><br \/><strong>Form\u00e5l, avlsm\u00e5l og opgaver:<\/strong><\/p>\r\n\r\n\r\n\r\n<p>Foreningen er en sammenslutning af avlere til fremme af den Hannoveranske hesteavl. Foreningen er ikke-politisk. Foreningen forf\u00f8lger udelukkende og direkte m\u00e5l der ikke er kommercielle, i henhold til det g\u00e6ldende direktiv omhandlende almen offentlig interesse.<\/p>\r\n<p>Foreningens avlsm\u00e5l er at avle Hannoveranere heste, der er s\u00e6rligt velegnet til hestesport. M\u00e5let er at avle heste, som p\u00e5 baggrund af deres temperament og karakter, deres ridelighed, eksteri\u00f8r, bev\u00e6gelsesform\u00e5en, springevner og helbred er velegnede b\u00e5de som pr\u00e6stations- samt fritidsheste.<\/p>\r\n<p>P\u00e5 dette grundlag er m\u00e5let at avle heste, der har en s\u00e6rlig god naturlig disposition til enten dressur, spring eller military. Med de karaktertr\u00e6k, der er beskrevet i avlsm\u00e5let, er der ogs\u00e5 en ambition om at avle heste, der er velegnede til k\u00f8rsel.<\/p>\r\n<p>Form\u00e5let med foreningen og avlsm\u00e5let skal is\u00e6r opfyldes ved hj\u00e6lp af:<\/p>\r\n<ol>\r\n<li>Foreningen af avlere af den Hannoveranske hest<\/li>\r\n<li>At arrangere udstillinger og andre relaterede aktiviteter, herunder at promovere racen gennem forskellige aktiviteter og sociale medier.<\/li>\r\n<li>Hvis muligt, at st\u00f8tte og markedsf\u00f8re unge avlere.<\/li>\r\n<\/ol>\r\n\r\n\r\n\r\n<p><strong>\u00a7 3<\/strong><br \/><strong>Medlemsskab:<\/strong><\/p>\r\n\r\n\r\n\r\n<p>I henhold til paragraf 4 i disse vedt\u00e6gter og i overensstemmelse med g\u00e6ldende bestemmelser i dansk lovgivning om dyreavl er f\u00f8lgende medlemskaber mulige:<\/p>\r\n<ol>\r\n<li>Aktive medlemmer, dvs. enkeltpersoner og juridiske enheder, der er ejere af hingste og hopper, der er optaget i stambogen i Hannoveraner Verband e.V. Disse er automatisk medlemmer under det tyske Hannoveraner Verband e.V.<\/li>\r\n<li>St\u00f8tte medlemmer eller inaktive medlemmer er venner og promotorer af Hannoveraner hestene, som st\u00f8tter Hannoveraner Avlsforeningen i Danmarks m\u00e5l og indsats uden at v\u00e6re ejere af en registreret avlshest.<\/li>\r\n<li>\u00c6resmedlemmer; status som \u00e6resmedlem kan tildeles personer, der fortjener s\u00e6rlig hyldest for deres arbejde til fremme af foreningen.<\/li>\r\n<\/ol>\r\n\r\n\r\n\r\n<p><strong>\u00a7 4<\/strong><br \/><strong>Erhvervelse af medlemskab:<\/strong><\/p>\r\n\r\n\r\n\r\n<p>I henhold til paragraf 4 i disse vedt\u00e6gter og i overensstemmelse med g\u00e6ldende bestemmelser i dansk lovgivning om dyreavl er f\u00f8lgende medlemskaber mulige:<\/p>\r\n<ol>\r\n<li>Aktive medlemmer, dvs. enkeltpersoner og juridiske enheder, der er ejere af hingste og hopper, der er optaget i stambogen i Hannoveraner Verband e.V. Disse er automatisk medlemmer under det tyske Hannoveraner Verband e.V.<\/li>\r\n<li>St\u00f8tte medlemmer eller inaktive medlemmer er venner og promotorer af Hannoveraner hestene, som st\u00f8tter Hannoveraner Avlsforeningen i Danmarks m\u00e5l og indsats uden at v\u00e6re ejere af en registreret avlshest.<\/li>\r\n<\/ol>\r\n<p>\u00c6resmedlemmer; status som \u00e6resmedlem kan tildeles personer, der fortjener s\u00e6rlig hyldest for deres arbejde til fremme af foreningen.<\/p>\r\n\r\n\r\n\r\n<p><strong>\u00a7 5<\/strong><br \/><strong>Oph\u00f8r af medlemsskab:<\/strong><\/p>\r\n\r\n\r\n\r\n<p>Et aktivt medlemskab oph\u00f8rer, ved kommende \u00e5rsskifte, n\u00e5r medlemmet oph\u00f8rer med at v\u00e6re ejer af en registreret hest. Medlemskabet overf\u00f8res til et \u201est\u00f8ttemedlemsskab\u201c, medmindre andet meddeles herom fra medlemmet.<\/p>\r\n<p>Medlemskabet oph\u00f8rer desuden:<\/p>\r\n<ol>\r\n<li>ved frivillig opsigelse, kr\u00e6ver skriftlig besked til den danske forenings bestyrelsen f\u00f8r slutningen af regnskabs\u00e5ret, (regnskabs\u00e5ret f\u00f8lger kalender\u00e5ret)<\/li>\r\n<li>ved d\u00f8dsfald; kan et almindeligt medlemskab forts\u00e6ttes af arvingerne, efter skriftligt \u00f8nske til bestyrelsen, uden at et optagelsesgebyr skal betales,<\/li>\r\n<li>ved udelukkelse, hvis betingelserne for up\u00e5klageligt avlsarbejde ikke l\u00e6ngere er opfyldt eller hvis medlemmet i v\u00e6sentlig grad overtr\u00e6der:<\/li>\r\n<li>n\u00e6rv\u00e6rende vedt\u00e6gter eller \u00a0<\/li>\r\n<li>lovlig beslutning truffet af foreningen<\/li>\r\n<li>eller handlet respektl\u00f8st med foreningens midler<\/li>\r\n<\/ol>\r\n<p>Begrundelse for udelukkelsen skal gives p\u00e5 skrift og sendes til vedkommende pr. anbefalet brev, hvor modtageren skal kvittere for modtagelsen. Vedkommende har ret til indenfor 4 uger at appellere imod generalforsamlingsbeslutningen ved hj\u00e6lp af en skriftlig anmodning. Alle rettigheder i forhold til foreningen samt foreningens midler oph\u00f8rer med at eksistere ved oph\u00f8ret af medlemskabet. Medlemmer, der udelukkes, er forpligtet til at betale kontingent for det indev\u00e6rende regnskabs\u00e5r, og til at udfylde eventuelle andre forpligtelser, som de m\u00e5tte have overfor foreningen. Ligeledes kan de retsforf\u00f8lges efterf\u00f8lgende, s\u00e5fremt det viser sig, at de har brudt vedt\u00e6gterne eller andre retningslinjer, medens de stadig var medlemmer.<em>\u00a0<\/em><\/p>\r\n\r\n\r\n\r\n<p><strong>\u00a7 6<\/strong><br \/><strong>Medlemmernes rettigheder og forpligtelser:<\/strong><\/p>\r\n\r\n\r\n\r\n<p>Aktive medlemmer, st\u00f8tte medlemmer og \u00e6res medlemmer har ret til at bruge foreningens faciliteter, til at deltage i foreningens arrangementer og frems\u00e6tte forslag. Kun aktive medlemmer har stemmeret og kan v\u00e6lges til bestyrelsen p\u00e5 generalforsamlingen.<\/p>\r\n<p>Medlemmerne er forpligtet:<\/p>\r\n<ol>\r\n<li>til at overholde foreningens vedt\u00e6gter og beslutninger og skal afholde sig fra at foretage sig noget, som kunne v\u00e6re til skade for foreningens omd\u00f8mme og interesser.<\/li>\r\n<li>til at betale det fastsatte \u00e5rlige medlemskab kontingent og opfylde \u00f8vrige forpligtelser stillet af foreningen.<\/li>\r\n<li>til at overholde bestemmelserne i stambogsforskrifterne for Hannoveraner Verband e.V.,<\/li>\r\n<li>til at overholde love, regulativer, bekendtg\u00f8relser og p\u00e5bud udstedt af myndighederne, s\u00e5vel som landbrugsorganisationer vedr\u00f8rende hesteavl.<\/li>\r\n<\/ol>\r\n\r\n\r\n\r\n<p><strong>\u00a7 7<\/strong><br \/><strong>Medlemskontingent og gebyr:<\/strong><\/p>\r\n\r\n\r\n\r\n<p>Det \u00e5rlige medlemskontingent bliver fastsat p\u00e5 generalforsamlingen. <br \/>Det \u00e5rlige medlemskontingent er ikke refunderbart.<\/p>\r\n\r\n\r\n\r\n<p><strong>\u00a78<\/strong><br \/><strong>Foreningens bestyrelse<\/strong><\/p>\r\n\r\n\r\n\r\n<p>Foreningens bestyrelse best\u00e5r af formanden, n\u00e6stformanden og\u00a0 3-5 \u00f8vrige medlemmer, hvoraf en kan v\u00e6re en repr\u00e6sentant for ung-avlerne. Bestyrelsen er valgt ved generalforsamlingen af medlemmerne for en periode p\u00e5 3 \u00e5r. Kun aktive medlemmer, med fysisk og psykisk overskud til at varetage en s\u00e5dan rolle kan blive valgt til en bestyrelsespost. Et aktivt medlem kan v\u00e6lges, selvom den p\u00e5g\u00e6ldende ikke fysisk deltager i det m\u00f8de, hvor personen er valgt. Det eneste krav er, at personen skriftligt har accepteret nomineringen.<\/p>\r\n<p>Bestyrelsen skal s\u00e6rligt varetage arbejdsopgaverne for f\u00f8lgende poster:<\/p>\r\n<ul>\r\n<li>Formandsposten<\/li>\r\n<li>N\u00e6stformandsposten<\/li>\r\n<li>Sekret\u00e6r<\/li>\r\n<li>Kasserer<\/li>\r\n<li>PR<\/li>\r\n<li>Ungavler\/ menigt medlem<\/li>\r\n<\/ul>\r\n<p>Bestyrelsens sammens\u00e6tning skal s\u00e5 vidt muligt repr\u00e6sentere hele Danmark.<\/p>\r\n<p>Formand og n\u00e6stformand v\u00e6lges p\u00e5 generalforsamlingen. Ved f\u00f8rstkommende bestyrelsesm\u00f8de efter generalforsamlingen skal resten af bestyrelsen konstituere sig med sekret\u00e6r, kasserer, PR og \u00f8vrige medlemmer. Endvidere s\u00f8rges for fordeling af arbejdsopgaverne.<\/p>\r\n<p>Formanden og n\u00e6stformanden er berettiget til ar repr\u00e6sentere foreningen juridisk s\u00e5vel som i ikke-juridiske anliggende. I forbindelse med interne anliggender er det besluttet, at n\u00e6stformanden kun kan repr\u00e6sentere foreningen, s\u00e5fremt formanden ikke er til disposition.<\/p>\r\n<p>Formanden indkalder bestyrelsen til m\u00f8de s\u00e5vel som medlemmerne til generalforsamlingen. Formanden er ordstyrer ved bestyrelsesm\u00f8derne. Formanden sikrer at beslutningerne foretaget af bestyrelsen og af medlemmerne ved generalforsamlingerne bliver implementeret.<\/p>\r\n<p>Formanden kan tr\u00e6ffe midlertidige foranstaltninger &#8211; ogs\u00e5 i \u00f8konomisk henseende &#8211; som dog skal godkendes med tilbagevirkende kraft af de \u00f8vrige bestyrelsesmedlemmer eller Hannoveraner Verband. Formanden kan vedtage bestyrelsesbeslutninger pr. brev, forudsat at intet medlem af bestyrelsen, er uenig i denne form for procedure.<\/p>\r\n<p>Bestyrelsen er ansvarlig for alle foreningens aktiviteter og g\u00f8rem\u00e5l, der ikke er generalforsamlingens kompetenceomr\u00e5de. Bestyrelsen kan tr\u00e6ffe alle foranstaltninger, der er i foreningens og medlemmers interesse og promoverer foreningens opgaver.<\/p>\r\n<p>Bestyrelsen skal i s\u00e6rdeleshed varetage og udf\u00f8re f\u00f8lgende opgaver:<\/p>\r\n<ol>\r\n<li>At udarbejde \u00e5rsregnskabet<\/li>\r\n<li>At udarbejde forel\u00f8bigt forslag til generalforsamlingen for medlemskontingent og evt. \u00f8vrige gebyrer<\/li>\r\n<li>At fasts\u00e6tte datoer for skuer og \u00f8vrige arrangementer.<\/li>\r\n<li>At frems\u00e6tte forslag til valg af en ung avlerrepr\u00e6sentant, s\u00e5fremt det er muligt.<\/li>\r\n<li>At tr\u00e6ffe beslutning om foranstaltninger til fremme af Hannoveraner heste i Danmark<\/li>\r\n<\/ol>\r\n<p>Formanden udsender skriftlig dagsorden seneste 2dage f\u00f8r bestyrelsesm\u00f8de. Der indkaldes til bestyrelsesm\u00f8de efter behov. Forslag der \u00f8nskes behandlet, behandles under evt. under n\u00e6st kommende bestyrelsesm\u00f8de.<\/p>\r\n<p>Bestyrelsen vedtager beslutninger p\u00e5 baggrund af simpelt flertal af bestyrelsesmedlemmernes stemmer. Afstemning ved fuldmagt er tilladt. I tilf\u00e6lde af stemmelighed, skal forslaget betragtes som v\u00e6rende afvist. Formanden er forpligtet til at indkalde til bestyrelsesm\u00f8de, s\u00e5fremt 1\/3 af medlemmerne \u00f8nsker dette. Ved tvist foretages kun skriftlig afstemning.<\/p>\r\n<p>Hvis et medlem af bestyrelsen tr\u00e6kker sig i l\u00f8bet af sin valgperiode, skal der v\u00e6lges et nyt medlem ved den n\u00e6ste generalforsamling.<\/p>\r\n<p>Bestyrelsesarbejdet udf\u00f8res p\u00e5 frivillig basis, dog kan udgifter refunderes, mod beh\u00f8rig dokumentation, af foreningen.<\/p>\r\n\r\n\r\n\r\n\r\n\r\n\r\n\r\n<p><strong>\u00a79<\/strong><br \/><strong>Generalforsamling<\/strong><\/p>\r\n\r\n\r\n\r\n<p>Generalforsamlingen af medlemmer er foreningens h\u00f8jeste myndighed. Generalforsamlingen besk\u00e6ftiger sig med foreningens anliggender, for s\u00e5 vidt disse ikke er blevet tildelt bestyrelsen ved en generalforsamlings beslutning. En generalforsamlingsbeslutning er gyldig ved almindeligt stemmeflertal af aktive medlemmer. I tilf\u00e6lde af stemmelighed, betragtes forslaget som afvist.<\/p>\r\n<p>Den ordin\u00e6re generalforsamling finder sted en gang om \u00e5ret senest med udgangen af april. Ekstraordin\u00e6re generalforsamlinger indkaldes efter anmodning fra et flertal i bestyrelsen eller mindst \u00bc af foreningens medlemmer.<\/p>\r\n<p>Indkaldelsen skal ske skriftligt til foreningens medlemmer via e-mail og offentligg\u00f8res desuden p\u00e5 foreningens facebookgruppe. Invitationen udsendes mindst 4 uger f\u00f8r m\u00f8det, dagsorden vedlagt.<\/p>\r\n<p>Enhver generalforsamling, der er indkaldt korrekt, kan tr\u00e6ffe beslutninger om punkterne p\u00e5 den relevante dagsorden. Forslag skal v\u00e6re hos formanden senest 2 uger f\u00f8r generalforsamlingen. Forslag behandles under evt.<\/p>\r\n<p>Enhver generalforsamling er \u00e5ben for alle foreningens medlemmer. Alle aktive medlemmer af foreningen har ret til at frems\u00e6tte forslag. Rettidigt indkomne forslag skal pr\u00e6senteres og behandles p\u00e5 generalforsamlingen under evt. Der skal tages referat fra hver generalforsamling, som underskrives af bestyrelsen og derefter godkendes p\u00e5 den n\u00e6ste generalforsamling.<\/p>\r\n<p>Hvert aktive medlem har en stemme. Afstemning ved fuldmagt er tilladt. Den ordin\u00e6re generalforsamling har is\u00e6r f\u00f8lgende opgaver:<\/p>\r\n<ol>\r\n<li>Godkendelse af \u00e5rsregnskabet og formel godkendelse af bestyrelsens arbejde<\/li>\r\n<li>Fasts\u00e6ttelse af medlemskabskontingent og adgangsgebyrer<\/li>\r\n<li>Valg af bestyrelsen og suppleanter<\/li>\r\n<li>Valg af revisorer for en periode p\u00e5 tre \u00e5r<\/li>\r\n<li>At tr\u00e6ffe afg\u00f8relse om appeller fra medlemmer, der er blevet ekskluderet eller disciplineret p\u00e5 anden m\u00e5de af bestyrelsen<\/li>\r\n<li>Udn\u00e6vnelse af \u00e6resmedlemmer<\/li>\r\n<li>At foretage \u00e6ndringer af vedt\u00e6gterne. Dette skal medtages som et separat punkt p\u00e5 dagsordenen, og for at blive vedtaget, kr\u00e6ves der \u00be stemmeflertal af de tilstedev\u00e6rende stemmeberettigede medlemmer<\/li>\r\n<li>Hvis kr\u00e6vet, opl\u00f8sning af foreningen i henhold til paragraf 11 i disse vedt\u00e6gter<\/li>\r\n<li>Hvis muligt, at v\u00e6lge en ungavlerrepr\u00e6sentant, n\u00e5r der er et s\u00e5dant behov baseret p\u00e5 bestyrelsens forslag. Forslag til andre kandidater kan ogs\u00e5 frems\u00e6ttes af generalforsamlingen<\/li>\r\n<\/ol>\r\n\r\n\r\n\r\n<p><strong>\u00a710<\/strong><\/p>\r\n\r\n\r\n\r\n<p>Alle personvalg p\u00e5 generalforsamlingen af medlemmer sker skriftligt og p\u00e5 grundlag af simpelt stemmeflertal fra de stemmeberettigede medlemmerne. Det er tilladt at stemme ved fuldmagt. Ved stemmelighed tr\u00e6ffes afg\u00f8relsen ved lodtr\u00e6kning.<\/p>\r\n\r\n\r\n\r\n<p><strong>\u00a711<\/strong><br \/><strong>Foreningens opl\u00f8sning:<\/strong><\/p>\r\n\r\n\r\n\r\n<p>Foreningen kan opl\u00f8ses af en lovligt indkaldt generalforsamling med et flertal p\u00e5 3\/4 af tilstedev\u00e6rende stemmeberettigede medlemmer. Hvis dette flertal ikke opn\u00e5s, er simpelt flertal af de stemmeberettigede medlemmer tilstr\u00e6kkelig p\u00e5 en efterf\u00f8lgende generalforsamling, der er indkaldt med samme form\u00e5l. Der skal v\u00e6re mindst 4 uger mellem de to generalforsamlinger.<\/p>\r\n<p>Aktiver til r\u00e5dighed ved opl\u00f8sningen af \u200b\u200bforeningen skal bruges til at promovere Hannoveraner Verband e.V., i Tyskland.<\/p>\r\n<p>Alle tilstedev\u00e6rende stemmeberettigede medlemmer p\u00e5 generalforsamlingen skal underskrive vedt\u00e6gts\u00e6ndringer for foreningen og med deres underskrift erkl\u00e6re deres medlemskab af Hannoveraner Avlsforeningen i Danmark<\/p>\r\n<\/div>\r\n<\/div>","protected":false},"excerpt":{"rendered":"<p>\u00a7 1Foreningens navn, hovedkontor, hjemsted, regnskabs\u00e5r og ansvar over for tredjeparter: Foreningens navn er Hannoveraner Avlsforeningen i Danmark. Foreningens aktiviteter omfatter servicering af medlemmer og afholdelse af arrangementer og andre&#8230;<\/p>","protected":false},"author":1,"featured_media":0,"parent":0,"menu_order":0,"comment_status":"closed","ping_status":"closed","template":"","meta":{"_monsterinsights_skip_tracking":false,"_monsterinsights_sitenote_active":false,"_monsterinsights_sitenote_note":"","_monsterinsights_sitenote_category":0},"_links":{"self":[{"href":"https:\/\/hannoveranerdanmark.dk\/en\/wp-json\/wp\/v2\/pages\/3471"}],"collection":[{"href":"https:\/\/hannoveranerdanmark.dk\/en\/wp-json\/wp\/v2\/pages"}],"about":[{"href":"https:\/\/hannoveranerdanmark.dk\/en\/wp-json\/wp\/v2\/types\/page"}],"author":[{"embeddable":true,"href":"https:\/\/hannoveranerdanmark.dk\/en\/wp-json\/wp\/v2\/users\/1"}],"replies":[{"embeddable":true,"href":"https:\/\/hannoveranerdanmark.dk\/en\/wp-json\/wp\/v2\/comments?post=3471"}],"version-history":[{"count":5,"href":"https:\/\/hannoveranerdanmark.dk\/en\/wp-json\/wp\/v2\/pages\/3471\/revisions"}],"predecessor-version":[{"id":3930,"href":"https:\/\/hannoveranerdanmark.dk\/en\/wp-json\/wp\/v2\/pages\/3471\/revisions\/3930"}],"wp:attachment":[{"href":"https:\/\/hannoveranerdanmark.dk\/en\/wp-json\/wp\/v2\/media?parent=3471"}],"curies":[{"name":"wp","href":"https:\/\/api.w.org\/{rel}","templated":true}]}}