{"id":3633,"date":"2024-04-07T10:03:38","date_gmt":"2024-04-07T08:03:38","guid":{"rendered":"https:\/\/hannoveranerdanmark.dk\/?page_id=3633"},"modified":"2024-06-11T21:00:41","modified_gmt":"2024-06-11T19:00:41","slug":"kaaring-2024","status":"publish","type":"page","link":"https:\/\/hannoveranerdanmark.dk\/en\/kaaring-2024\/","title":{"rendered":"K\u00e5ring 2024"},"content":{"rendered":"<div id=\"fws_69d15f7a84d68\"  data-column-margin=\"default\" data-midnight=\"light\" data-top-percent=\"35%\" data-bottom-percent=\"35%\"  class=\"wpb_row vc_row-fluid vc_row full-width-section standard_section\"  style=\"padding-top: calc(100vw * 0.35); padding-bottom: calc(100vw * 0.35); \"><div class=\"row-bg-wrap\" data-bg-animation=\"none\" data-bg-overlay=\"true\"><div class=\"inner-wrap using-image\"><div class=\"row-bg using-image\"  style=\"background-image: url(https:\/\/hannoveranerdanmark.dk\/wp-content\/uploads\/2019\/05\/IMG_4814.jpg); background-position: left top; background-repeat: no-repeat; \"><\/div><\/div><div class=\"row-bg-overlay\" style=\"background: rgba(10,10,10,0.2); background: linear-gradient(90deg,rgba(10,10,10,0.2) 0%,rgba(10,10,10,0.39) 100%);  opacity: 1; \"><\/div><\/div>      \n\t\t\t<div class=\"video-color-overlay\" data-color=\"\"><\/div>\n            \n\t\t\t<div class=\"nectar-video-wrap\" data-bg-alignment=\"left top\">\n\t\t\t\t<div class=\"nectar-video-inner\">\n        <div class=\"nectar-youtube-bg\"><span>https:\/\/www.youtube.com\/watch?v=StwtIL6zLMw<\/span><\/div>    \t\t<\/div>\n\t\t\t <\/div>\n       \n\t\t\t<div class=\"row_col_wrap_12 col span_12 light left\">\n\t<div  class=\"vc_col-sm-12 wpb_column column_container vc_column_container col centered-text no-extra-padding inherit_tablet inherit_phone\"  data-t-w-inherits=\"default\" data-video-bg=\"true\" data-bg-cover=\"\" data-padding-pos=\"all\" data-has-bg-color=\"false\" data-bg-color=\"\" data-bg-opacity=\"1\" data-hover-bg=\"\" data-hover-bg-opacity=\"1\" data-animation=\"\" data-delay=\"0\" >\n\t\t<div class=\"vc_column-inner\" >\n  <div class=\"nectar-video-wrap column-video\">\n      <video class=\"nectar-video-bg\" width=\"1800\" height=\"700\" preload=\"auto\" loop autoplay muted playsinline><source src=\"https:\/\/www.youtube.com\/watch?v=StwtIL6zLMw\"  type=\"video\/mp4\"><\/video><\/div><div class=\"column-bg-overlay-wrap\" data-bg-animation=\"none\"><div class=\"column-bg-overlay\"><\/div><\/div>\n\t\t\t<div class=\"wpb_wrapper\">\n\t\t\t\t<div class=\"col span_12 section-title text-align-center extra-padding\"><h2>\n<h1>Hannoveraner k\u00e5ring 2024<\/h1>\n<\/h2><\/div><div class=\"clear\"><\/div>\n<div class=\"wpb_text_column wpb_content_element\" >\n\t<div class=\"wpb_wrapper\">\n\t\t<h3>Se frem til en dag fyldt med sk\u00f8nne hannoveranere og godt selskab<\/h3>\n\t<\/div>\n<\/div>\n\n\n\n<div class=\"nectar_icon_wrap\" data-style=\"soft-bg\" data-draw=\"\" data-border-thickness=\"2px\" data-padding=\"20px\" data-color=\"white\" style=\"\" >\n\t\t<div class=\"nectar_icon\" ><i style=\"font-size: 50px; line-height: 75px; height: 75px; width: 75px;\" class=\"fa fa-angle-double-down\"><\/i><\/div>\n\t<\/div>\n\t\t\t<\/div> \n\t\t<\/div>\n\t<\/div> \n<\/div><\/div>\n\t\t<div id=\"fws_69d15f7a86643\"  data-column-margin=\"default\" data-midnight=\"dark\"  class=\"wpb_row vc_row-fluid vc_row standard_section\"  style=\"padding-top: 0px; padding-bottom: 0px; \"><div class=\"row-bg-wrap\" data-bg-animation=\"none\" data-bg-overlay=\"false\"><div class=\"inner-wrap\"><div class=\"row-bg\"  style=\"\"><\/div><\/div><div class=\"row-bg-overlay\" ><\/div><\/div><div class=\"row_col_wrap_12 col span_12 dark left\">\n\t<div  class=\"vc_col-sm-12 wpb_column column_container vc_column_container col no-extra-padding inherit_tablet inherit_phone\"  data-t-w-inherits=\"default\" data-bg-cover=\"\" data-padding-pos=\"all\" data-has-bg-color=\"false\" data-bg-color=\"\" data-bg-opacity=\"1\" data-hover-bg=\"\" data-hover-bg-opacity=\"1\" data-animation=\"\" data-delay=\"0\" >\n\t\t<div class=\"vc_column-inner\" ><div class=\"column-bg-overlay-wrap\" data-bg-animation=\"none\"><div class=\"column-bg-overlay\"><\/div><\/div>\n\t\t\t<div class=\"wpb_wrapper\">\n\t\t\t\t<div class=\"divider-wrap\" data-alignment=\"default\"><div style=\"height: 25px;\" class=\"divider\"><\/div><\/div>\n\t\t\t<\/div> \n\t\t<\/div>\n\t<\/div> \n<\/div><\/div>\n\t\t<div id=\"fws_69d15f7a86a5b\"  data-column-margin=\"default\" data-midnight=\"dark\"  class=\"wpb_row vc_row-fluid vc_row standard_section\"  style=\"padding-top: 0px; padding-bottom: 0px; \"><div class=\"row-bg-wrap\" data-bg-animation=\"none\" data-bg-overlay=\"false\"><div class=\"inner-wrap\"><div class=\"row-bg\"  style=\"\"><\/div><\/div><div class=\"row-bg-overlay\" ><\/div><\/div><div class=\"row_col_wrap_12 col span_12 dark left\">\n\t<div  class=\"vc_col-sm-12 wpb_column column_container vc_column_container col no-extra-padding inherit_tablet inherit_phone\"  data-t-w-inherits=\"default\" data-bg-cover=\"\" data-padding-pos=\"all\" data-has-bg-color=\"false\" data-bg-color=\"\" data-bg-opacity=\"1\" data-hover-bg=\"\" data-hover-bg-opacity=\"1\" data-animation=\"\" data-delay=\"0\" >\n\t\t<div class=\"vc_column-inner\" ><div class=\"column-bg-overlay-wrap\" data-bg-animation=\"none\"><div class=\"column-bg-overlay\"><\/div><\/div>\n\t\t\t<div class=\"wpb_wrapper\">\n\t\t\t\t\n<div class=\"wpb_text_column wpb_content_element\" >\n\t<div class=\"wpb_wrapper\">\n\t\t<h2>Oversigt over dagen<\/h2>\n<div class=\"x1e56ztr\"><span class=\"x193iq5w xeuugli x13faqbe x1vvkbs x1xmvt09 x6prxxf xvq8zen xo1l8bm xzsf02u\">Tak for alle jeres tilmeldinger til k\u00e5ringen 2024. Der er 19 tilmeldte hos p\u00e5 stutteri EVO og 8 tilmeldte hos Stutteri G. Vi gl\u00e6der os til at se jer alle sammen.<\/span><\/div>\n<div class=\"x1e56ztr\"><span class=\"x193iq5w xeuugli x13faqbe x1vvkbs x1xmvt09 x6prxxf xvq8zen xo1l8bm xzsf02u\">Her er den forel\u00f8bige tidsplan:<\/span><\/div>\n<div><\/div>\n<div><strong>Husk!<\/strong> <span data-offset-key=\"32h7n-0-0\">Alle<\/span><span data-offset-key=\"32h7n-1-0\"> tider er ca. tider<\/span><\/div>\n<h4 class=\"x1e56ztr\"><span class=\"x193iq5w xeuugli x13faqbe x1vvkbs x1xmvt09 x6prxxf xvq8zen xo1l8bm xzsf02u\"><b>Sutteri EVO:<\/b><\/span><\/h4>\n<ul>\n<li>10:00 Free-jumping and studbook inspection (1) <strong>1<\/strong><\/li>\n<li>10:15 Free-running and studbook inspection (1) <strong>2<\/strong><\/li>\n<li>10:30 Free-running and studbook inspection of <strong> 7<\/strong><\/li>\n<li>10:45 Free-running of the 2-year olds <strong>(No.20 only eligible if sire is known!) \/ No. 21<\/strong><\/li>\n<li>11:00 Riding test with own rider followed directly by test rider (2) <strong>(No.1 &amp;2)<\/strong><\/li>\n<li>11:20 Walking ring with ranking and commentation of mares (4) <strong>(No 1\/2\/7\/20\/21)<\/strong><\/li>\n<li>11:45 Foalshow with ranking and commentation (10) This includes studbook inspection of the mares that needs to be inspected: <strong> 3\/4\/5\/6<\/strong><\/li>\n<li>13:00 Registration of the foals<\/li>\n<\/ul>\n<h4 class=\"x1e56ztr\"><span class=\"x193iq5w xeuugli x13faqbe x1vvkbs x1xmvt09 x6prxxf xvq8zen xo1l8bm xzsf02u\"><b>Stutteri G<\/b><\/span><\/h4>\n<ul>\n<li>10:00 Free-running and studbook inspection (every mare one after another) (5)<\/li>\n<li>11:00 Riding test with own rider followed directly by test rider (5)<\/li>\n<li>11:05 Presentation of the 2-year old mare in free-running and in hand<\/li>\n<li>11:15 Walking ring with all mares (incl. 2year old) with ranking and commentation (6)<\/li>\n<li>12: 00 Foal show (2)<\/li>\n<li>12:30 Lunch<\/li>\n<li>Registration of foals after lunch<\/li>\n<\/ul>\n\t<\/div>\n<\/div>\n\n\n\n\n\t\t\t<\/div> \n\t\t<\/div>\n\t<\/div> \n<\/div><\/div>\n\t\t<div id=\"fws_69d15f7a86f32\"  data-column-margin=\"90px\" data-midnight=\"light\" data-top-percent=\"8%\" data-bottom-percent=\"8%\"  class=\"wpb_row vc_row-fluid vc_row full-width-section  vc_row-o-equal-height vc_row-flex  vc_row-o-content-middle standard_section  top_padding_tablet_20pct bottom_padding_tablet_20pct\"  style=\"padding-top: calc(100vw * 0.08); padding-bottom: calc(100vw * 0.08); \"><div class=\"row-bg-wrap\" data-bg-animation=\"none\" data-bg-overlay=\"false\"><div class=\"inner-wrap\"><div class=\"row-bg using-bg-color\"  style=\"background-color: #000000; \"><\/div><\/div><div class=\"row-bg-overlay\" ><\/div><\/div><div class=\"row_col_wrap_12 col span_12 light left\">\n\t<div style=\"z-index: 100; \" class=\"vc_col-sm-6 wpb_column column_container vc_column_container col padding-7-percent inherit_tablet inherit_phone\"  data-t-w-inherits=\"default\" data-bg-cover=\"\" data-padding-pos=\"top-bottom\" data-has-bg-color=\"false\" data-bg-color=\"\" data-bg-opacity=\"1\" data-hover-bg=\"\" data-hover-bg-opacity=\"1\" data-animation=\"\" data-delay=\"0\" >\n\t\t<div class=\"vc_column-inner\" ><div class=\"column-bg-overlay-wrap\" data-bg-animation=\"none\"><div class=\"column-bg-overlay\"><\/div><\/div>\n\t\t\t<div class=\"wpb_wrapper\">\n\t\t\t\t<div id=\"fws_69d15f7a877f9\" data-midnight=\"\" data-column-margin=\"default\" class=\"wpb_row vc_row-fluid vc_row inner_row standard_section\"  style=\"padding-top: 0px; padding-bottom: 0px; \"><div class=\"row-bg-wrap\"> <div class=\"row-bg\" ><\/div> <\/div><div class=\"row_col_wrap_12_inner col span_12  left\">\n\t<div style=\"margin-top: 40px; \" class=\"vc_col-sm-12 wpb_column column_container vc_column_container col child_column no-extra-padding top_margin_tablet_0px top_margin_phone_0px inherit_tablet inherit_phone\"   data-t-w-inherits=\"default\" data-bg-cover=\"\" data-padding-pos=\"all\" data-has-bg-color=\"false\" data-bg-color=\"\" data-bg-opacity=\"1\" data-hover-bg=\"\" data-hover-bg-opacity=\"1\" data-animation=\"\" data-delay=\"0\">\n\t\t<div class=\"vc_column-inner\" ><div class=\"column-bg-overlay-wrap\" data-bg-animation=\"none\"><div class=\"column-bg-overlay\"><\/div><\/div>\n\t\t<div class=\"wpb_wrapper\">\n\t\t\t\n<div class=\"wpb_text_column wpb_content_element  vc_custom_1716125805584\" >\n\t<div class=\"wpb_wrapper\">\n\t\t<p><strong>OBS OBS<br \/>\n<\/strong>Nyheder vedr. k\u00e5ring og fremvisning i Hannoveraner forbundet.<\/p>\n<p><strong>Hoppek\u00e5ring alle aldre:<br \/>\n<\/strong>Det er nu frivilligt om din dressur hoppe skal g\u00e5 l\u00f8sspringning, det vil sige det er en mulighed hvis du \u00f8nsker det, men skal tilmeldes separat. Springhopper skal selvf\u00f8lgeligt stadig l\u00f8sspringes.<\/p>\n<p><strong>2\u00e5rs<\/strong> hopper skal fremvises i grime og l\u00f8s, det vil sige uden hovedt\u00f8j og bid i munden. Ligeledes uden sko. Det er som tidligere muligt at opn\u00e5 A1.<\/p>\n<p><strong>For 4\u00e5rs<\/strong> hopper er der nu muligt at blive udtaget til Herwart v.d. Decken Schau. For at blive iagttaget skal din hoppe skal g\u00e5 k\u00e5ring og ridepr\u00f8ve i dens 4.\u00e5r. Dommerne beslutter hvilke hopper der skal udtages.<\/p>\n<p>Hannoveraner Avlsforeningen i Danmark byder velkommen til Hoppek\u00e5ring (Studbook inspection), Ridepr\u00f8ve incl. l\u00f8sspringning (Mare performance test), 2 \u00e5rs hoppeskue, f\u00f8lskue, f\u00f8l registrering samt besigtigelse til online Hannoveraner f\u00f8lauktion. Auktionen afvikles medio september 2024.<br \/>\n<strong>Hvis din hoppe ikke er k\u00e5ret i hannoveraner forbundet skal din hoppe k\u00e5res samme dag for at kunne afl\u00e6gge ridepr\u00f8ven.<\/strong><\/p>\n<p><strong>\u00a0<\/strong>Arrangementet foreg\u00e5r p\u00e5 Sj\u00e6lland d.15 juni p\u00e5 <span style=\"color: #ffff00;\"><a style=\"color: #ffff00;\" href=\"https:\/\/stutterig.dk\/en\/home\/\" target=\"_blank\" rel=\"noopener\"><span style=\"color: #f5dc14;\">Stutteri G<\/span><\/a><\/span> i Lynge (Vr\u00e5lyngen 22, 3540 Lynge) og i Jylland d. 16 juni p\u00e5 <a href=\"https:\/\/stutteri-evo.dk\/\" target=\"_blank\" rel=\"noopener\"><span style=\"color: #ffff00;\"><span style=\"color: #f5dc14;\">Stutteri Evo<\/span><\/span><\/a> (Kronborgvej 32, 6600 Vejen).<\/p>\n<h3><strong>Det praktiske:<\/strong><\/h3>\n<p>Hannoveraner Avlsforeningen i Danmark opkr\u00e6ver udelukkende gebyr for <strong>Ridepr\u00f8ve<\/strong>, <strong>2 \u00e5rs<\/strong> <strong>hoppeskue<\/strong>,<strong> f\u00f8lskue samt leje af boks<\/strong>, og <strong>f\u00f8rste \u00e5rs lokal forenings medlemskab<\/strong>.<\/p>\n<p>Alle gebyrer <strong>vedr. Medlemskab og registrering af hopper<\/strong> i Hannoveraner Verband (Hoppek\u00e5ring), <strong>f\u00f8lregistrering, DNA test m.v.<\/strong> opkr\u00e6ves af Hannoveraner Forbundets hovedkontor i Tyskland (Hannoveraner Verband).<\/p>\n<h4><strong>Prisliste:<\/strong><\/h4>\n<p>Boks: 700 kr.<br \/>\n2 \u00e5rs hopper: 100 kr.<br \/>\nRidepr\u00f8ve: 300 kr. 40 \u20ac<br \/>\nF\u00f8lskue: 150 kr.<br \/>\n&#8212;&#8212;&#8212;&#8212;&#8212;&#8212;&#8212;&#8212;&#8212;&#8212;&#8212;&#8212;&#8212;&#8212;&#8212;&#8212;<br \/>\nHoppek\u00e5ring: 45,00 \u20ac<br \/>\nDNA af hopper: 21.00 \u20ac<br \/>\nPas til f\u00f8l incl. DNA: 117,50 \u20ac<br \/>\nChip registering: 20,00 \u20ac<br \/>\nValgfri navne registrering: 30,00 \u20ac<\/p>\n<p>Sidste tilmeldingsfrist den 1\/6-2024<\/p>\n<h4><strong>Tilmeld dig her: <span style=\"color: #f5dc14;\"><a style=\"color: #f5dc14;\" href=\"https:\/\/forms.gle\/VpvLib19otvhSjry5\" target=\"_blank\" rel=\"noopener\">Hannoveraner K\u00e5ring 2024<\/a><\/span><\/strong><\/h4>\n<h4><strong>Tilmelding for flere heste:\u00a0<\/strong><\/h4>\n<p>Hvis du skal tilmelde mere end 1 hoppe, <em><strong>download<\/strong><\/em> dette: <span style=\"color: #f5dc14;\"><strong><a style=\"color: #f5dc14;\" href=\"https:\/\/docs.google.com\/spreadsheets\/d\/12aMZifN6sit7Il9GkPJVh1l5A12Qmfxl\/edit?usp=sharing&amp;ouid=110894142509200401862&amp;rtpof=true&amp;sd=true\" target=\"_blank\" rel=\"noopener\">K\u00e5ring flere tilmeldte<\/a> <\/strong><\/span>Og send den til mail: admin@hannoveranerdanmark.dk<\/p>\n<p>L\u00e6s mere om hoppe k\u00e5ring her: <span style=\"color: #f5dc14;\"><a style=\"color: #f5dc14;\" href=\"https:\/\/en.hannoveraner.com\/horse-breeding\/mares\/?fbclid=IwAR0gs_WVlGz9t-XpTj_6wo_2_woCAkiJJzIWFFiAsaI96anm4Y1eQdJA2NA\" target=\"_blank\" rel=\"noopener\">Hannoveraner hoppe k\u00e5ring<\/a><\/span><\/p>\n<p>Betaling af: Boks, 2 \u00e5rs hoppe, Ridepr\u00f8ve samt f\u00f8lskue skal ske til Hannoveraner foreningen Danmark:<\/p>\n<p>Reg. nr. 1551<br \/>\nKontonummer: 10381991<br \/>\nHvor du tydeligt skriver hvem der indbetaler<\/p>\n<p>Klasser der opkr\u00e6ves, af Tyskland faktureres efter k\u00e5ringen. Dvs alt der opkr\u00e6ves i Euro skal <span style=\"color: #f5dc14;\"><strong><u>IKKE<\/u><\/strong><\/span> indbetales p\u00e5 det danske konto nr.<\/p>\n<p>Normalt starter begge dage omkring kl 10<\/p>\n<h4><strong>Om <\/strong><strong>Pr\u00e6miering<\/strong><strong>: <\/strong><\/h4>\n<p>Mere om Pr\u00e6miering, hvilket er det ultimative m\u00e5l for os avlere. Vejen til pr\u00e6miering er mangfoldig. Der er den klassiske, i.f.m. Hoppe skue, hvor tre til fem \u00e5rige hopper ogs\u00e5 med registrering i andre forbund, kan blive premieret. Hertil kommer muligheden for at dressur, spring og military hopper i sporten kan f\u00e5 tildelt titlen gennem at deltage i Hannoveraner sports test. Som noget nyt kan din hoppe fra andre forbund som f.eks DV f\u00e5 overf\u00f8rt sin nuv\u00e6rende pr\u00e6miering, ogs\u00e5 selvom den ikke er p\u00e5 listen over Hannnoveraner pr\u00e6mieringer, samt hoppen kan p\u00e5 lige fod med Hannoveraner registrerede hopper deltage i udtagelsen til denne titel, n\u00e5r de k\u00e5res. I vores marts udgave af det digitale medlemsmagasin er der en artikel af Ulrich Hahne (avlsleder for H.V.) med flere detaljer.<\/p>\n\t<\/div>\n<\/div>\n\n\n\n\n\t\t<\/div> \n\t<\/div>\n\t<\/div> \n<\/div><\/div>\n\t\t\t<\/div> \n\t\t<\/div>\n\t<\/div> \n\n\t<div style=\"\" class=\"vc_col-sm-6 wpb_column column_container vc_column_container col no-extra-padding inherit_tablet inherit_phone\" data-using-bg=\"true\" data-t-w-inherits=\"default\" data-bg-cover=\"true\" data-padding-pos=\"all\" data-has-bg-color=\"false\" data-bg-color=\"\" data-bg-opacity=\"1\" data-hover-bg=\"\" data-hover-bg-opacity=\"1\" data-animation=\"\" data-delay=\"0\" >\n\t\t<div class=\"vc_column-inner\" ><div class=\"column-image-bg-wrap\" data-bg-pos=\"center center\" data-bg-animation=\"zoom-out\" data-bg-overlay=\"false\"><div class=\"inner-wrap\"><div class=\"column-image-bg\" style=\" background-image: url('https:\/\/hannoveranerdanmark.dk\/wp-content\/uploads\/2023\/04\/339772202_3334752033460316_7507612016306735698_n.jpg'); \"><\/div><\/div><\/div><div class=\"column-bg-overlay-wrap\" data-bg-animation=\"zoom-out\"><div class=\"column-bg-overlay\"><\/div><\/div>\n\t\t\t<div class=\"wpb_wrapper\">\n\t\t\t\t<div class=\"divider-wrap height_tablet_600px height_phone_500px\" data-alignment=\"default\"><div style=\"height: 25px;\" class=\"divider\"><\/div><\/div>\n\t\t\t<\/div> \n\t\t<\/div>\n\t<\/div> \n<\/div><\/div>","protected":false},"excerpt":{"rendered":"https:\/\/www.youtube.com\/watch?v=StwtIL6zLMw Hannoveraner k\u00e5ring 2024 Se frem til en dag fyldt med sk\u00f8nne hannoveranere og godt selskab Oversigt over dagen Tak for alle jeres tilmeldinger til k\u00e5ringen 2024. Der er 19...","protected":false},"author":1,"featured_media":3563,"parent":0,"menu_order":0,"comment_status":"closed","ping_status":"closed","template":"","meta":{"_monsterinsights_skip_tracking":false,"_monsterinsights_sitenote_active":false,"_monsterinsights_sitenote_note":"","_monsterinsights_sitenote_category":0},"_links":{"self":[{"href":"https:\/\/hannoveranerdanmark.dk\/en\/wp-json\/wp\/v2\/pages\/3633"}],"collection":[{"href":"https:\/\/hannoveranerdanmark.dk\/en\/wp-json\/wp\/v2\/pages"}],"about":[{"href":"https:\/\/hannoveranerdanmark.dk\/en\/wp-json\/wp\/v2\/types\/page"}],"author":[{"embeddable":true,"href":"https:\/\/hannoveranerdanmark.dk\/en\/wp-json\/wp\/v2\/users\/1"}],"replies":[{"embeddable":true,"href":"https:\/\/hannoveranerdanmark.dk\/en\/wp-json\/wp\/v2\/comments?post=3633"}],"version-history":[{"count":7,"href":"https:\/\/hannoveranerdanmark.dk\/en\/wp-json\/wp\/v2\/pages\/3633\/revisions"}],"predecessor-version":[{"id":3648,"href":"https:\/\/hannoveranerdanmark.dk\/en\/wp-json\/wp\/v2\/pages\/3633\/revisions\/3648"}],"wp:featuredmedia":[{"embeddable":true,"href":"https:\/\/hannoveranerdanmark.dk\/en\/wp-json\/wp\/v2\/media\/3563"}],"wp:attachment":[{"href":"https:\/\/hannoveranerdanmark.dk\/en\/wp-json\/wp\/v2\/media?parent=3633"}],"curies":[{"name":"wp","href":"https:\/\/api.w.org\/{rel}","templated":true}]}}