{"id":3694,"date":"2025-02-16T21:52:43","date_gmt":"2025-02-16T20:52:43","guid":{"rendered":"https:\/\/hannoveranerdanmark.dk\/?page_id=3694"},"modified":"2025-06-02T20:03:33","modified_gmt":"2025-06-02T18:03:33","slug":"kaaring-2025","status":"publish","type":"page","link":"https:\/\/hannoveranerdanmark.dk\/en\/kaaring-2025\/","title":{"rendered":"K\u00e5ring 2025"},"content":{"rendered":"<div id=\"fws_69e917049acce\"  data-column-margin=\"default\" data-midnight=\"light\" data-top-percent=\"35%\" data-bottom-percent=\"35%\"  class=\"wpb_row vc_row-fluid vc_row full-width-section standard_section\"  style=\"padding-top: calc(100vw * 0.35); padding-bottom: calc(100vw * 0.35); \"><div class=\"row-bg-wrap\" data-bg-animation=\"none\" data-bg-overlay=\"true\"><div class=\"inner-wrap using-image\"><div class=\"row-bg using-image\"  style=\"background-image: url(https:\/\/hannoveranerdanmark.dk\/wp-content\/uploads\/2019\/05\/IMG_4814.jpg); background-position: left top; background-repeat: no-repeat; \"><\/div><\/div><div class=\"row-bg-overlay\" style=\"background: rgba(10,10,10,0.2); background: linear-gradient(90deg,rgba(10,10,10,0.2) 0%,rgba(10,10,10,0.39) 100%);  opacity: 1; \"><\/div><\/div>      \n\t\t\t<div class=\"video-color-overlay\" data-color=\"\"><\/div>\n            \n\t\t\t<div class=\"nectar-video-wrap\" data-bg-alignment=\"left top\">\n\t\t\t\t<div class=\"nectar-video-inner\">\n        <div class=\"nectar-youtube-bg\"><span>https:\/\/www.youtube.com\/watch?v=StwtIL6zLMw<\/span><\/div>    \t\t<\/div>\n\t\t\t <\/div>\n       \n\t\t\t<div class=\"row_col_wrap_12 col span_12 light left\">\n\t<div  class=\"vc_col-sm-12 wpb_column column_container vc_column_container col centered-text no-extra-padding inherit_tablet inherit_phone\"  data-t-w-inherits=\"default\" data-video-bg=\"true\" data-bg-cover=\"\" data-padding-pos=\"all\" data-has-bg-color=\"false\" data-bg-color=\"\" data-bg-opacity=\"1\" data-hover-bg=\"\" data-hover-bg-opacity=\"1\" data-animation=\"\" data-delay=\"0\" >\n\t\t<div class=\"vc_column-inner\" >\n  <div class=\"nectar-video-wrap column-video\">\n      <video class=\"nectar-video-bg\" width=\"1800\" height=\"700\" preload=\"auto\" loop autoplay muted playsinline><source src=\"https:\/\/www.youtube.com\/watch?v=StwtIL6zLMw\"  type=\"video\/mp4\"><\/video><\/div><div class=\"column-bg-overlay-wrap\" data-bg-animation=\"none\"><div class=\"column-bg-overlay\"><\/div><\/div>\n\t\t\t<div class=\"wpb_wrapper\">\n\t\t\t\t<div class=\"col span_12 section-title text-align-center extra-padding\"><h2>\n<h1>Hannoveraner k\u00e5ring 2025<\/h1>\n<\/h2><\/div><div class=\"clear\"><\/div>\n<div class=\"wpb_text_column wpb_content_element\" >\n\t<div class=\"wpb_wrapper\">\n\t\t<h3>Se frem til en dag fyldt med sk\u00f8nne hannoveranere og godt selskab<\/h3>\n\t<\/div>\n<\/div>\n\n\n\n<div class=\"nectar_icon_wrap\" data-style=\"soft-bg\" data-draw=\"\" data-border-thickness=\"2px\" data-padding=\"20px\" data-color=\"white\" style=\"\" >\n\t\t<div class=\"nectar_icon\" ><i style=\"font-size: 50px; line-height: 75px; height: 75px; width: 75px;\" class=\"fa fa-angle-double-down\"><\/i><\/div>\n\t<\/div>\n\t\t\t<\/div> \n\t\t<\/div>\n\t<\/div> \n<\/div><\/div>\n\t\t<div id=\"fws_69e917049ce15\"  data-column-margin=\"default\" data-midnight=\"dark\"  class=\"wpb_row vc_row-fluid vc_row standard_section\"  style=\"padding-top: 0px; padding-bottom: 0px; \"><div class=\"row-bg-wrap\" data-bg-animation=\"none\" data-bg-overlay=\"false\"><div class=\"inner-wrap\"><div class=\"row-bg\"  style=\"\"><\/div><\/div><div class=\"row-bg-overlay\" ><\/div><\/div><div class=\"row_col_wrap_12 col span_12 dark left\">\n\t<div  class=\"vc_col-sm-12 wpb_column column_container vc_column_container col no-extra-padding inherit_tablet inherit_phone\"  data-t-w-inherits=\"default\" data-bg-cover=\"\" data-padding-pos=\"all\" data-has-bg-color=\"false\" data-bg-color=\"\" data-bg-opacity=\"1\" data-hover-bg=\"\" data-hover-bg-opacity=\"1\" data-animation=\"\" data-delay=\"0\" >\n\t\t<div class=\"vc_column-inner\" ><div class=\"column-bg-overlay-wrap\" data-bg-animation=\"none\"><div class=\"column-bg-overlay\"><\/div><\/div>\n\t\t\t<div class=\"wpb_wrapper\">\n\t\t\t\t<div class=\"divider-wrap\" data-alignment=\"default\"><div style=\"height: 25px;\" class=\"divider\"><\/div><\/div>\n\t\t\t<\/div> \n\t\t<\/div>\n\t<\/div> \n<\/div><\/div>\n\t\t<div id=\"fws_69e917049d438\"  data-column-margin=\"default\" data-midnight=\"dark\"  class=\"wpb_row vc_row-fluid vc_row standard_section\"  style=\"padding-top: 0px; padding-bottom: 0px; \"><div class=\"row-bg-wrap\" data-bg-animation=\"none\" data-bg-overlay=\"false\"><div class=\"inner-wrap\"><div class=\"row-bg\"  style=\"\"><\/div><\/div><div class=\"row-bg-overlay\" ><\/div><\/div><div class=\"row_col_wrap_12 col span_12 dark left\">\n\t<div  class=\"vc_col-sm-8 wpb_column column_container vc_column_container col no-extra-padding inherit_tablet inherit_phone\"  data-t-w-inherits=\"default\" data-bg-cover=\"\" data-padding-pos=\"all\" data-has-bg-color=\"false\" data-bg-color=\"\" data-bg-opacity=\"1\" data-hover-bg=\"\" data-hover-bg-opacity=\"1\" data-animation=\"\" data-delay=\"0\" >\n\t\t<div class=\"vc_column-inner\" ><div class=\"column-bg-overlay-wrap\" data-bg-animation=\"none\"><div class=\"column-bg-overlay\"><\/div><\/div>\n\t\t\t<div class=\"wpb_wrapper\">\n\t\t\t\t\n<div class=\"wpb_text_column wpb_content_element\" >\n\t<div class=\"wpb_wrapper\">\n\t\t<p>Igen i \u00e5r inviterer vi vores medlemmer til Hannoveraner hoppek\u00e5ring og f\u00f8lfremvisning. Vi har altid nogle super hyggelige og sp\u00e6ndende dage med meget kvalificerede dommere fra det tyske Hannoveraner Verband.<br \/>\nAlle er velkommende om du har en eller flere hopper eller som tilskuer.<br \/>\nInformationer f\u00f8lger herunder, m\u00e5tte du have sp\u00f8rgsm\u00e5l s\u00e5 t\u00f8v ikke med at kontakte os.<\/p>\n<p><strong>Hannoveraner hoppek\u00e5ring og f\u00f8lfremvisning 2025<\/strong><br \/>\nSted:<br \/>\n<strong>L\u00f8rdag d.21 juni fra kl.10.00 p\u00e5 Stutteri Evo<\/strong><br \/>\nKronborgvej 32, 6600 Vejen<br \/>\n<strong>S\u00f8ndag d.22 juni fra kl.10.00 p\u00e5 Stutteri G<\/strong><br \/>\nVr\u00e5lyngen 22, 3540 Lynge<\/p>\n<p><strong>Hoppek\u00e5ring, alle aldre:<\/strong><br \/>\n-Dressurhopper: Det er frivilligt om din dressur hoppe skal g\u00e5 l\u00f8sspringning, det vil sige, det er en mulighed, hvis du \u00f8nsker det, men skal tilmeldes separat.<br \/>\n-Springhopper: Skal l\u00f8sspringes.<br \/>\n-2\u00e5rs hopper skal fremvises i grime og l\u00f8s, det vil sige uden hovedt\u00f8j og bid i munden, ligeledes uden sko. Det er som tidligere muligt at opn\u00e5 A1.<br \/>\n-3\u00e5rs og 4\u00e5rs hopper, b\u00e5de dressur og spring: Det er muligt at blive udtaget til Herwart v.d. Decken Schau. For at blive iagttaget skal din 3 \u00e5rs hoppe g\u00e5 eksteri\u00f8r k\u00e5ring, din 4\u00e5rs hoppe skal endvidere g\u00e5 sin ridepr\u00f8ve i dens 4.\u00e5r. Dommerne beslutter hvilke hopper der skal udtages.<\/p>\n<p>Hannoveraner Avlsforeningen i Danmark byder velkommen til Hoppek\u00e5ring (Studbook inspection), Ridepr\u00f8ve incl. l\u00f8sspringning (Mare performance test), 2 \u00e5rs hoppeskue, f\u00f8lskue, f\u00f8l registrering incl. dna pr\u00f8ve og chip m\u00e6rkning.<br \/>\nHvis din hoppe ikke er k\u00e5ret i Hannoveraner forbundet, skal din hoppe k\u00e5res samme dag for at kunne afl\u00e6gge ridepr\u00f8ven. For hopper med andet pas til k\u00e5ring g\u00e6lder, at de skal registreres\/k\u00e5res p\u00e5 lige vilk\u00e5r med Hannoveraner hopperne.<\/p>\n<p><strong>Det praktiske:<\/strong><br \/>\nHannoveraner Avlsforeningen i Danmark opkr\u00e6ver udelukkende gebyr for Ridepr\u00f8ve, 2 \u00e5rs hoppeskue, f\u00f8lskue samt leje af boks, og f\u00f8rste \u00e5rs lokal forenings medlemskab. Disse gebyrer betales samtidig med tilmeldingen.<br \/>\nHannoveraner Verband opkr\u00e6ver alle gebyrer vedr. Medlemskab og registrering af hopper i Hannoveraner Verband (Hoppek\u00e5ring), f\u00f8lregistrering, DNA testm.v. Disse opkr\u00e6ves af Hannoveraner Forbundets hovedkontor i Tyskland (Hannoveraner Verband).<br \/>\nDisse gebyrer opkr\u00e6ves f\u00f8rst efter k\u00e5ringen.<\/p>\n<p><strong>Prisliste: OBS prisen till\u00e6gges ikke moms.<\/strong><br \/>\nBoks: 1000 kr.<br \/>\n2 \u00e5rs hopper: 200 kr.<br \/>\nRidepr\u00f8ve: 400 kr.<br \/>\nF\u00f8lskue: 200 kr.<br \/>\nIndbetales til:<br \/>\nDanske Bank &#8211; Regnr.: 1551 \/ Kontonr.: 0010381991<br \/>\n&#8212;&#8212;&#8212;&#8212;&#8212;&#8212;&#8212;&#8212;&#8212;&#8212;&#8212;<br \/>\nHoppek\u00e5ring: 45,00 \u20ac<br \/>\nDNA af hopper: 21.00 \u20ac<br \/>\n(Disse priser er ligeledes g\u00e6ldende for hopper med andet pas som \u00f8nsker registreret i Hannoveraner Verband)<br \/>\nPas til f\u00f8l incl. Chip &amp; DNA: 147,50 \u20ac<br \/>\nValgfri navne registrering: 30,00 \u20ac<br \/>\nOvenst\u00e5ende opkr\u00e6ves direkte af Hannoveraner Verband<\/p>\n<p><strong>Tilmelding:<\/strong><br \/>\nSidste tilmeldingsfrist den 10\/6-2024<\/p>\n<h4><strong>Tilmeld dig her:<\/strong><\/h4>\n<h6><span style=\"color: #0000ff;\"><a style=\"color: #0000ff;\" href=\"https:\/\/forms.gle\/KGZt83pmy46XqpVU7\">Hannoveraner K\u00e5ring 2025<\/a><\/span><\/h6>\n<h4><\/h4>\n<h4><strong>Tilmelding for flere heste:<\/strong><\/h4>\n<p>Hvis du skal tilmelde mere end 1 hoppe, download dette:<\/p>\n<h6><span style=\"color: #0000ff;\"><a style=\"color: #0000ff;\" href=\"https:\/\/docs.google.com\/spreadsheets\/d\/12aMZifN6sit7Il9GkPJVh1l5A12Qmfxl\/edit?usp=sharing&amp;ouid=110894142509200401862&amp;rtpof=true&amp;sd=true\">K\u00e5ring flere tilmeldte <\/a><\/span><\/h6>\n<p>og send den til mail: <span style=\"font-size: 16px;\">admin@hannoveranerdanmark.dk<\/span><\/p>\n<p>&nbsp;<\/p>\n\t<\/div>\n<\/div>\n\n\n\n\n\t\t\t<\/div> \n\t\t<\/div>\n\t<\/div> \n\n\t<div  class=\"vc_col-sm-4 wpb_column column_container vc_column_container col no-extra-padding inherit_tablet inherit_phone\"  data-t-w-inherits=\"default\" data-bg-cover=\"\" data-padding-pos=\"all\" data-has-bg-color=\"false\" data-bg-color=\"\" data-bg-opacity=\"1\" data-hover-bg=\"\" data-hover-bg-opacity=\"1\" data-animation=\"\" data-delay=\"0\" >\n\t\t<div class=\"vc_column-inner\" ><div class=\"column-bg-overlay-wrap\" data-bg-animation=\"none\"><div class=\"column-bg-overlay\"><\/div><\/div>\n\t\t\t<div class=\"wpb_wrapper\">\n\t\t\t\t<div class=\"img-with-aniamtion-wrap\" data-max-width=\"100%\" data-max-width-mobile=\"default\" data-border-radius=\"none\" data-shadow=\"none\" data-animation=\"fade-in\" >\n      <div class=\"inner\">\n        <div class=\"hover-wrap\" data-hover-animation=\"none\"> \n          <div class=\"hover-wrap-inner\">\n            <img class=\"img-with-animation skip-lazy\" data-delay=\"0\" height=\"768\" width=\"455\" data-animation=\"fade-in\" src=\"https:\/\/hannoveranerdanmark.dk\/wp-content\/uploads\/2025\/04\/Untitled-5.jpg\" alt=\"\" srcset=\"https:\/\/hannoveranerdanmark.dk\/wp-content\/uploads\/2025\/04\/Untitled-5.jpg 455w, https:\/\/hannoveranerdanmark.dk\/wp-content\/uploads\/2025\/04\/Untitled-5-178x300.jpg 178w, https:\/\/hannoveranerdanmark.dk\/wp-content\/uploads\/2025\/04\/Untitled-5-7x12.jpg 7w\" sizes=\"(min-width: 1450px) 75vw, (min-width: 1000px) 85vw, 100vw\" \/>\n          <\/div>\n        <\/div>\n      <\/div>\n    <\/div>\n\t\t\t<\/div> \n\t\t<\/div>\n\t<\/div> \n<\/div><\/div>","protected":false},"excerpt":{"rendered":"https:\/\/www.youtube.com\/watch?v=StwtIL6zLMw Hannoveraner k\u00e5ring 2025 Se frem til en dag fyldt med sk\u00f8nne hannoveranere og godt selskab Igen i \u00e5r inviterer vi vores medlemmer til Hannoveraner hoppek\u00e5ring og f\u00f8lfremvisning. Vi har...","protected":false},"author":1,"featured_media":3563,"parent":0,"menu_order":0,"comment_status":"closed","ping_status":"closed","template":"","meta":{"_monsterinsights_skip_tracking":false,"_monsterinsights_sitenote_active":false,"_monsterinsights_sitenote_note":"","_monsterinsights_sitenote_category":0},"_links":{"self":[{"href":"https:\/\/hannoveranerdanmark.dk\/en\/wp-json\/wp\/v2\/pages\/3694"}],"collection":[{"href":"https:\/\/hannoveranerdanmark.dk\/en\/wp-json\/wp\/v2\/pages"}],"about":[{"href":"https:\/\/hannoveranerdanmark.dk\/en\/wp-json\/wp\/v2\/types\/page"}],"author":[{"embeddable":true,"href":"https:\/\/hannoveranerdanmark.dk\/en\/wp-json\/wp\/v2\/users\/1"}],"replies":[{"embeddable":true,"href":"https:\/\/hannoveranerdanmark.dk\/en\/wp-json\/wp\/v2\/comments?post=3694"}],"version-history":[{"count":7,"href":"https:\/\/hannoveranerdanmark.dk\/en\/wp-json\/wp\/v2\/pages\/3694\/revisions"}],"predecessor-version":[{"id":3756,"href":"https:\/\/hannoveranerdanmark.dk\/en\/wp-json\/wp\/v2\/pages\/3694\/revisions\/3756"}],"wp:featuredmedia":[{"embeddable":true,"href":"https:\/\/hannoveranerdanmark.dk\/en\/wp-json\/wp\/v2\/media\/3563"}],"wp:attachment":[{"href":"https:\/\/hannoveranerdanmark.dk\/en\/wp-json\/wp\/v2\/media?parent=3694"}],"curies":[{"name":"wp","href":"https:\/\/api.w.org\/{rel}","templated":true}]}}