{"id":3757,"date":"2025-06-02T21:44:54","date_gmt":"2025-06-02T19:44:54","guid":{"rendered":"https:\/\/hannoveranerdanmark.dk\/?page_id=3757"},"modified":"2025-06-02T22:31:52","modified_gmt":"2025-06-02T20:31:52","slug":"faq","status":"publish","type":"page","link":"https:\/\/hannoveranerdanmark.dk\/en\/faq\/","title":{"rendered":"FAQ"},"content":{"rendered":"<div id=\"fws_69f953d0479c5\"  data-column-margin=\"default\" data-midnight=\"dark\"  class=\"wpb_row vc_row-fluid vc_row full-width-section standard_section\"  style=\"padding-top: 100px; padding-bottom: 100px; \"><div class=\"row-bg-wrap\" data-bg-animation=\"none\" data-bg-overlay=\"false\"><div class=\"inner-wrap\"><div class=\"row-bg using-bg-color\"  style=\"background-color: #f7f7f7; \"><\/div><\/div><div class=\"row-bg-overlay\" ><\/div><\/div><div class=\"row_col_wrap_12 col span_12 dark left\">\n\t<div  class=\"vc_col-sm-12 wpb_column column_container vc_column_container col no-extra-padding inherit_tablet inherit_phone\"  data-t-w-inherits=\"default\" data-bg-cover=\"\" data-padding-pos=\"all\" data-has-bg-color=\"false\" data-bg-color=\"\" data-bg-opacity=\"1\" data-hover-bg=\"\" data-hover-bg-opacity=\"1\" data-animation=\"\" data-delay=\"0\" >\n\t\t<div class=\"vc_column-inner\" ><div class=\"column-bg-overlay-wrap\" data-bg-animation=\"none\"><div class=\"column-bg-overlay\"><\/div><\/div>\n\t\t\t<div class=\"wpb_wrapper\">\n\t\t\t\t\n<div class=\"wpb_text_column wpb_content_element\" >\n\t<div class=\"wpb_wrapper\">\n\t\t<h2><strong>Arrangement:<\/strong><\/h2>\n\t<\/div>\n<\/div>\n\n\n\n<div class=\"toggles\" data-style=\"minimal\"><div class=\"toggle default\" data-inner-wrap=\"true\"><h3><a href=\"#\"><i class=\"icon-plus-sign\"><\/i>Har I f\u00e5et min tilmelding?<\/a><\/h3><div><div class=\"inner-toggle-wrap\">\n<div class=\"wpb_text_column wpb_content_element\" >\n\t<div class=\"wpb_wrapper\">\n\t\t<p>Bekr\u00e6ftelse for tilmelding og medlemskab bliver sendt pr mail.<\/p>\n\t<\/div>\n<\/div>\n\n\n\n<\/div><\/div><\/div><\/div>\n\n\n\n\n\n\n\n\n\n\n\n\n\n\n\n\n\n\n\n\n<div class=\"wpb_text_column wpb_content_element\" >\n\t<div class=\"wpb_wrapper\">\n\t\t<h2><strong>F\u00f8l registrering:<\/strong><\/h2>\n\t<\/div>\n<\/div>\n\n\n\n<div class=\"toggles\" data-style=\"minimal\"><div class=\"toggle default\" data-inner-wrap=\"true\"><h3><a href=\"#\"><i class=\"icon-plus-sign\"><\/i>Hvordan f\u00e5r jeg registreret mit f\u00f8l s\u00e5 den f\u00e5r pas, chip osv?<\/a><\/h3><div><div class=\"inner-toggle-wrap\">\n<div class=\"wpb_text_column wpb_content_element\" >\n\t<div class=\"wpb_wrapper\">\n\t\t<p>Der er to muligheder for registrering af f\u00f8l i Hannoveraner forbundet.<\/p>\n<ol>\n<li>F\u00f8lskue med registrering, dna og chip, foreg\u00e5r hvert \u00e5r i juni m\u00e5ned. Det er tyske dommere fra Hannoveraner Verband, der besigtiger dit f\u00f8l, men det er Hannoveraner Avlsforeningen i Danmark, der st\u00e5r for planl\u00e6gning. Dit f\u00f8l kan opn\u00e5 guldmedalje, kan blive dagens bedste f\u00f8l og m\u00e5ske inviteres til eliteauktion i Tyskland. F\u00f8lskue foreg\u00e5r samtidig med hoppek\u00e5ring i henholdsvis Jylland og p\u00e5 Sj\u00e6lland, tilmelding findes p\u00e5 vores hjemmeside.<\/li>\n<li>Hjemmebesigtigelse med registrering, dna og chip, foreg\u00e5r hvert \u00e5r i August. Her kommer dommerens fra Hannoveraner Verband til din hjemmeadresse mod betaling af k\u00f8rselsgebyr. Dit f\u00f8l kan opn\u00e5 guldmedalje.<\/li>\n<\/ol>\n<p>I begge tilf\u00e6lde skal du v\u00e6re medlem af Hannoveraner Verband, og ved k\u00e5ring\/f\u00f8lskue skal du ogs\u00e5 v\u00e6re medlem af Hannoveraner Avlsforeningen i Danmark. Priser fremg\u00e5r af prisliste.<\/p>\n\t<\/div>\n<\/div>\n\n\n\n<\/div><\/div><\/div><div class=\"toggle default\" data-inner-wrap=\"true\"><h3><a href=\"#\"><i class=\"icon-plus-sign\"><\/i>Hvis jeg bruger en Hannoveraner hingst, kan f\u00f8llet blive registreret hos jer?<\/a><\/h3><div><div class=\"inner-toggle-wrap\">\n<div class=\"wpb_text_column wpb_content_element\" >\n\t<div class=\"wpb_wrapper\">\n\t\t<p>Ja, s\u00e5fremt din hoppe enten har Hannoveraner pas og er k\u00e5ret i Hannoveraner Verband, eller hvis din hoppe har pas fra andet forbund og er registreret i Hannoveraner Verband.<\/p>\n<p>Se priser og muligheder under k\u00e5ring og chiptur.<\/p>\n\t<\/div>\n<\/div>\n\n\n\n<\/div><\/div><\/div><div class=\"toggle default\" data-inner-wrap=\"true\"><h3><a href=\"#\"><i class=\"icon-plus-sign\"><\/i>Hvad er Chiptur?<\/a><\/h3><div><div class=\"inner-toggle-wrap\">\n<div class=\"wpb_text_column wpb_content_element\" >\n\t<div class=\"wpb_wrapper\">\n\t\t<p>Chiptur er en \u00e5rlig mulighed for registrering af hopper og f\u00f8l i Hannoveraner Verband.<\/p>\n<p>Er dit f\u00f8l f\u00f8dt for sent til at komme til f\u00f8lskue, eller har du ikke mulighed for at deltage, kan du tilmelde dig chipturen. Her vil dommere fra Hannoveraner Verband komme og registrere, tage DNA og chip\u2019e dit f\u00f8l. Dit f\u00f8l kan opn\u00e5 guldmedalje.<\/p>\n<p>For hopper er chiptur ligeledes en mulighed for registrering af hopper fra andre forbund samt hjemmek\u00e5ring af Hannoveraner hopper.<\/p>\n<p>Hopper, der hjemmek\u00e5res og registreres, kan ikke opn\u00e5 medalje. For at opn\u00e5 medalje skal de deltage i hoppek\u00e5ring afholdt af Hannoveraner avlsforeningen i Danmark.<\/p>\n<p>Priser fremg\u00e5r af vores prisliste: <a href=\"https:\/\/hannoveranerdanmark.dk\/en\/kaaring-2025\/\">K\u00e5ring 2025<\/a><\/p>\n\t<\/div>\n<\/div>\n\n\n\n<\/div><\/div><\/div><div class=\"toggle default\" data-inner-wrap=\"true\"><h3><a href=\"#\"><i class=\"icon-plus-sign\"><\/i>Skal hopperne v\u00e6re k\u00e5ret, for at f\u00f8llene kan f\u00e5 r\u00f8dt pas?<\/a><\/h3><div><div class=\"inner-toggle-wrap\">\n<div class=\"wpb_text_column wpb_content_element\" >\n\t<div class=\"wpb_wrapper\">\n\t\t<p>Din hoppe skal v\u00e6re k\u00e5ret\/registreret i Hannoveraner Verband for at afkom kan f\u00e5 gr\u00e5t pas og fuld stamtavle. (Hannoveraner Verband \u00e6ndrede farve fra brodoux til gr\u00e5 i 2021)<\/p>\n\t<\/div>\n<\/div>\n\n\n\n<\/div><\/div><\/div><div class=\"toggle default\" data-inner-wrap=\"true\"><h3><a href=\"#\"><i class=\"icon-plus-sign\"><\/i>Skal hopperne v\u00e6re k\u00e5ret for at f\u00f8llene evt. kan v\u00e6re hingste-emne?<\/a><\/h3><div><div class=\"inner-toggle-wrap\">\n<div class=\"wpb_text_column wpb_content_element\" >\n\t<div class=\"wpb_wrapper\">\n\t\t<p>Ja moderen til afkom skal altid v\u00e6re registreret og k\u00e5ret i forbundet for at pas med fuld stamtavle og gr\u00e5 farve kan udstedes.<br \/>\nDette g\u00f8r sig g\u00e6ldende i alle st\u00f8rre forbund.<\/p>\n\t<\/div>\n<\/div>\n\n\n\n<\/div><\/div><\/div><div class=\"toggle default\" data-inner-wrap=\"true\"><h3><a href=\"#\"><i class=\"icon-plus-sign\"><\/i>Hvad er fordelen ved at tage f\u00f8llene med til f\u00f8lskue?<\/a><\/h3><div><div class=\"inner-toggle-wrap\">\n<div class=\"wpb_text_column wpb_content_element\" >\n\t<div class=\"wpb_wrapper\">\n\t\t<p>Dit f\u00f8l kan opn\u00e5 guldmedalje, blive dagens f\u00f8l, bliv \u00e5rets f\u00f8l, besigtiges og evt. udtages til eliteskue og auktion i Hannoveraner Verband i forbindelse med det \u00e5rlige Herwart v.d Decken-Schau i Verden, Tyskland i august.<\/p>\n<p>Ydermere f\u00e5r du v\u00e6rdifuld viden om dit afkoms bed\u00f8mmelse og mulighed for at vurdere hvad hoppen eller hingsten har bragt til din avl.<\/p>\n\t<\/div>\n<\/div>\n\n\n\n<\/div><\/div><\/div><div class=\"toggle default\" data-inner-wrap=\"true\"><h3><a href=\"#\"><i class=\"icon-plus-sign\"><\/i>Er der mulighed for auktion?<\/a><\/h3><div><div class=\"inner-toggle-wrap\">\n<div class=\"wpb_text_column wpb_content_element\" >\n\t<div class=\"wpb_wrapper\">\n\t\t<p>Fra marts til oktober er der m\u00e5nedlige f\u00f8lauktioner i Hannoveraner Verband. I august er der elite f\u00f8l auktion i forbindelse med det \u00e5rlige Herwart v.d Decken-Schau.<\/p>\n<p>Ydermere er der rideheste auktioner flere gange \u00e5rligt og avlshoppe auktioner.<\/p>\n\t<\/div>\n<\/div>\n\n\n\n<\/div><\/div><\/div><\/div>\n\n\n\n\n\n\n\n\n\n\n\n\n\n\n\n\n\n\n\n\n<div class=\"wpb_text_column wpb_content_element\" >\n\t<div class=\"wpb_wrapper\">\n\t\t<h2><strong>Hestepas:<\/strong><\/h2>\n\t<\/div>\n<\/div>\n\n\n\n<div class=\"toggles\" data-style=\"minimal\"><div class=\"toggle default\" data-inner-wrap=\"true\"><h3><a href=\"#\"><i class=\"icon-plus-sign\"><\/i>Hvad g\u00f8r jeg mht. Seges?<\/a><\/h3><div><div class=\"inner-toggle-wrap\">\n<div class=\"wpb_text_column wpb_content_element\" >\n\t<div class=\"wpb_wrapper\">\n\t\t<p>N\u00e5r du har modtaget dit Hannoveraner pas, skal det en tur forbi Seges og stemples, og herved registreres hesten i det danske system s\u00e5 hesten kan indg\u00e5 i CHR. Prisen med almindelig behandlingstid er i 2025 333,-<\/p>\n<p>Heste med Tysk pas skal registreres i Seges, det er lovpligtigt.<\/p>\n<p>Hestens ejer registreres ved Seges, dette er uden betaling. Der inds\u00e6ttes ejersider i passet og fremadrettet ejerskiftes hesten gennem Hannoveraner Verband. I det tilf\u00e6lde skal du fremsende et billede af registreringslablen til Seges, og de s\u00f8rger for at hesten ejerskifter i deres system, uden betaling.<\/p>\n<p>Ejerskifte koster 40 euros ved Hannoveraner Verband.<\/p>\n<p>Skema til ejerskifte hos Hannoveraner Verband findes her: <a href=\"https:\/\/docs.google.com\/forms\/d\/e\/1FAIpQLSccRMQyUMfQmAgJH6Ts3eb3rtUZKxhAIdZ0XmEY64Hilcm6QA\/viewform\">https:\/\/docs.google.com\/forms\/d\/e\/1FAIpQLSccRMQyUMfQmAgJH6Ts3eb3rtUZKxhAIdZ0XmEY64Hilcm6QA\/viewform<\/a><\/p>\n\t<\/div>\n<\/div>\n\n\n\n<\/div><\/div><\/div><div class=\"toggle default\" data-inner-wrap=\"true\"><h3><a href=\"#\"><i class=\"icon-plus-sign\"><\/i>Jeg har mistet mit hannoveraner pas. Hvad g\u00f8r jeg?<\/a><\/h3><div><div class=\"inner-toggle-wrap\">\n<div class=\"wpb_text_column wpb_content_element\" >\n\t<div class=\"wpb_wrapper\">\n\t\t<p>Du skal fremsende dokumentation p\u00e5, at hesten er din, samt udfylde skemaet (f\u00f8lg linket), og fremsende det til admin@hannoveranerdanmark.dk hvorefter vi hj\u00e6lper dig videre.<\/p>\n<p>Skema findes her:<\/p>\n<p>(Link kommer)<\/p>\n\t<\/div>\n<\/div>\n\n\n\n<\/div><\/div><\/div><div class=\"toggle default\" data-inner-wrap=\"true\"><h3><a href=\"#\"><i class=\"icon-plus-sign\"><\/i>Jeg har mistet mit ejercertifikat. Hvad g\u00f8r jeg?<\/a><\/h3><div><div class=\"inner-toggle-wrap\">\n<div class=\"wpb_text_column wpb_content_element\" >\n\t<div class=\"wpb_wrapper\">\n\t\t<p>Du skal fremsende dokumentation p\u00e5, at hesten er din, samt udfylde skemaet (f\u00f8lg linket), og fremsende det til admin@hannoveranerdanmark.dk hvorefter vi hj\u00e6lper dig videre.<\/p>\n<p>Skema findes her:<br \/>\n(Link kommer)<\/p>\n\t<\/div>\n<\/div>\n\n\n\n<\/div><\/div><\/div><\/div>\n\n\n\n\n\n\n\n\n\n\n\n\n\n\n\n\n\n\n\n\n<div class=\"wpb_text_column wpb_content_element\" >\n\t<div class=\"wpb_wrapper\">\n\t\t<h2><strong>Hopper:<\/strong><\/h2>\n\t<\/div>\n<\/div>\n\n\n\n<div class=\"toggles\" data-style=\"minimal\"><div class=\"toggle default\" data-inner-wrap=\"true\"><h3><a href=\"#\"><i class=\"icon-plus-sign\"><\/i>Kan man overf\u00f8re hoppens k\u00e5ringsresultater?<\/a><\/h3><div><div class=\"inner-toggle-wrap\">\n<div class=\"wpb_text_column wpb_content_element\" >\n\t<div class=\"wpb_wrapper\">\n\t\t<p>Hoppen skal besigtiges af Hannoveraner Verband\u2019s dommere, k\u00e5ring\/pr\u00e6miering fra andre forbund vil st\u00e5 oplyst med denne besigtigelse.<\/p>\n\t<\/div>\n<\/div>\n\n\n\n<\/div><\/div><\/div><\/div>\n\n\n\n\n\n\n\n\n\n\n\n\n\n\n\n\n\n\n\n<div class=\"toggles\" data-style=\"minimal\"><div class=\"toggle default\" data-inner-wrap=\"true\"><h3><a href=\"#\"><i class=\"icon-plus-sign\"><\/i>Kan man k\u00e5re hopper fra andre forbund?<\/a><\/h3><div><div class=\"inner-toggle-wrap\">\n<div class=\"wpb_text_column wpb_content_element\" >\n\t<div class=\"wpb_wrapper\">\n\t\t<p>Ja s\u00e5fremt de opfylder kravene om tilstr\u00e6kkelig Hannoveraner blod i stamtavlen. Fremsend et billede af registreringsnummer samt afstamning til <a href=\"mailto:admin@hannoveranerdanmark.dk\">admin@hannoveranerdanmark.dk<\/a>, s\u00e5 vil vi hj\u00e6lper dig videre.<\/p>\n\t<\/div>\n<\/div>\n\n\n\n<\/div><\/div><\/div><\/div>\n\n\n\n\n\n\n\n\n\n\n\n\n\n\n\n\n\n\n\n<div class=\"toggles\" data-style=\"minimal\"><div class=\"toggle default\" data-inner-wrap=\"true\"><h3><a href=\"#\"><i class=\"icon-plus-sign\"><\/i>Hvordan f\u00e5r jeg min hoppe og f\u00f8l registreret hos jer.? Hvad skal der til?<\/a><\/h3><div><div class=\"inner-toggle-wrap\">\n<div class=\"wpb_text_column wpb_content_element\" >\n\t<div class=\"wpb_wrapper\">\n\t\t<p>Din hoppe og f\u00f8l skal registreres enten ved f\u00f8lskue og hoppek\u00e5ring som foreg\u00e5r \u00e5rligt i juni i henholdsvis Jylland og p\u00e5 Sj\u00e6lland, eller ved hjemmebesigtigelse i august.<\/p>\n<p>Se mere under<\/p>\n<ul>\n<li>f\u00f8lregistrering<\/li>\n<li>Hoppek\u00e5ring<\/li>\n<li>Chiptur<\/li>\n<\/ul>\n\t<\/div>\n<\/div>\n\n\n\n<\/div><\/div><\/div><div class=\"toggle default\" data-inner-wrap=\"true\"><h3><a href=\"#\"><i class=\"icon-plus-sign\"><\/i>Hvad er fordelen ved at f\u00e5 hopperne k\u00e5ret?<\/a><\/h3><div><div class=\"inner-toggle-wrap\">\n<div class=\"wpb_text_column wpb_content_element\" >\n\t<div class=\"wpb_wrapper\">\n\t\t<p>Din hoppe skal v\u00e6ret k\u00e5ret for at f\u00e5 afkommene registreret i Hannoveraner Verband med gr\u00e5t pas og fuld stamtavle.<br \/>\nK\u00e5res din hoppe senest i dens 5\u00e5rs kan den opn\u00e5 pr\u00e6miering. For at opn\u00e5 fuld pr\u00e6miering skal hoppen g\u00e5 ridepr\u00f8ve senest i dens 5\u00e5r.<br \/>\n\u00c6ldre hopper kan ogs\u00e5 k\u00e5res, men kan ikke opn\u00e5 pr\u00e6miering.<\/p>\n\t<\/div>\n<\/div>\n\n\n\n<\/div><\/div><\/div><\/div>\n\n\n\n\n\n\n\n\n\n\n\n\n\n\n\n\n\n\n\n\n<div class=\"wpb_text_column wpb_content_element\" >\n\t<div class=\"wpb_wrapper\">\n\t\t<h2>Andet:<\/h2>\n\t<\/div>\n<\/div>\n\n\n\n<div class=\"toggles\" data-style=\"minimal\"><div class=\"toggle default\" data-inner-wrap=\"true\"><h3><a href=\"#\"><i class=\"icon-plus-sign\"><\/i>Kan man tage p\u00e5 dyrskue med sin hannoveraner hest?<\/a><\/h3><div><div class=\"inner-toggle-wrap\">\n<div class=\"wpb_text_column wpb_content_element\" >\n\t<div class=\"wpb_wrapper\">\n\t\t<p>Som det ser ud lige nu, s\u00e5 er det ikke en mulighed, da racen skal registreres ved dyrskuet, og det er Hannoveraner ikke pt.<\/p>\n\t<\/div>\n<\/div>\n\n\n\n<\/div><\/div><\/div><div class=\"toggle default\" data-inner-wrap=\"true\"><h3><a href=\"#\"><i class=\"icon-plus-sign\"><\/i>Hvor finder jeg oplysninger p\u00e5 min hannoveraner hest\/hoppe?<\/a><\/h3><div><div class=\"inner-toggle-wrap\">\n<div class=\"wpb_text_column wpb_content_element\" >\n\t<div class=\"wpb_wrapper\">\n\t\t<p>Du skal v\u00e6re medlem af Hannoveraner Verband og logge ind p\u00e5 meinHannoveraner.com<br \/>\nHer kan du finde oplysninger om aktive hopper, k\u00e5ringer, karakterer mv. samt afkom og deres opn\u00e5else af evt. Guldmedalje.<\/p>\n\t<\/div>\n<\/div>\n\n\n\n<\/div><\/div><\/div><div class=\"toggle default\" data-inner-wrap=\"true\"><h3><a href=\"#\"><i class=\"icon-plus-sign\"><\/i>Kan mit tyske pas blive lavet om til et dansk pas?<\/a><\/h3><div><div class=\"inner-toggle-wrap\">\n<div class=\"wpb_text_column wpb_content_element\" >\n\t<div class=\"wpb_wrapper\">\n\t\t<p>Din hest vil altid have det pas der er udstedt ved registrering, men du vil i mange tilf\u00e6lde kunne f\u00e5 registreret\/k\u00e5ret din hoppe i andre store forbund.<\/p>\n\t<\/div>\n<\/div>\n\n\n\n<\/div><\/div><\/div><div class=\"toggle default\" data-inner-wrap=\"true\"><h3><a href=\"#\"><i class=\"icon-plus-sign\"><\/i>Hvor kan man k\u00f8be hannoveraner merchandise?<\/a><\/h3><div><div class=\"inner-toggle-wrap\">\n<div class=\"wpb_text_column wpb_content_element\" >\n\t<div class=\"wpb_wrapper\">\n\t\t<p>Der kan k\u00f8bes Hannoveraner Merch i butikken ved Hannoveraner Verband i Verden, Tyskland, samt p\u00e5 f\u00f8lgende link: <a href=\"https:\/\/www.hannoveraner-shop.de\/\">https:\/\/www.hannoveraner-shop.de\/<\/a><\/p>\n\t<\/div>\n<\/div>\n\n\n\n<\/div><\/div><\/div><\/div>\n\n\n\n\n\n\n\n\n\n\n\n\n\n\n\n\n\n\n\n\n<div class=\"wpb_text_column wpb_content_element\" >\n\t<div class=\"wpb_wrapper\">\n\t\t<h2><strong>Medlemskab:<\/strong><\/h2>\n\t<\/div>\n<\/div>\n\n\n\n<div class=\"toggles\" data-style=\"minimal\"><div class=\"toggle default\" data-inner-wrap=\"true\"><h3><a href=\"#\"><i class=\"icon-plus-sign\"><\/i>Skal jeg v\u00e6re medlem af b\u00e5de det tyske og danske forbund?<\/a><\/h3><div><div class=\"inner-toggle-wrap\">\n<div class=\"wpb_text_column wpb_content_element\" >\n\t<div class=\"wpb_wrapper\">\n\t\t<p>Som aktiv avler &#8211; Ja.<\/p>\n<p>Det er s\u00e5dan i Hannoveraner Verband, at man skal v\u00e6re medlem af en lokal avls klub. I Danmark er det Hannoveraner Avlsforeningen i DK. Det koster fra 2026 \u00e5rligt 350,- for enkelt medlemskab og 550,- for familie medlemskab.<\/p>\n<p>Udover dette skal du v\u00e6re medlem af Hannoveraner Verband i Tyskland i \u00e5rene du registrere afkom, prisen herfor er 130euros. Efter 4\u00e5r 100euros.<\/p>\n\t<\/div>\n<\/div>\n\n\n\n<\/div><\/div><\/div><\/div>\n\n\n\n\n\n\n\n\n\n\n\n\n\n\n\n\n\n\n\n\n\t\t\t<\/div> \n\t\t<\/div>\n\t<\/div> \n<\/div><\/div>\n\t\t<div id=\"fws_69f953d04bc13\"  data-column-margin=\"default\" data-midnight=\"dark\"  class=\"wpb_row vc_row-fluid vc_row standard_section\"  style=\"padding-top: 0px; padding-bottom: 0px; \"><div class=\"row-bg-wrap\" data-bg-animation=\"none\" data-bg-overlay=\"false\"><div class=\"inner-wrap\"><div class=\"row-bg\"  style=\"\"><\/div><\/div><div class=\"row-bg-overlay\" ><\/div><\/div><div class=\"row_col_wrap_12 col span_12 dark left\">\n\t<div  class=\"vc_col-sm-12 wpb_column column_container vc_column_container col no-extra-padding inherit_tablet inherit_phone\"  data-t-w-inherits=\"default\" data-bg-cover=\"\" data-padding-pos=\"all\" data-has-bg-color=\"false\" data-bg-color=\"\" data-bg-opacity=\"1\" data-hover-bg=\"\" data-hover-bg-opacity=\"1\" data-animation=\"\" data-delay=\"0\" >\n\t\t<div class=\"vc_column-inner\" ><div class=\"column-bg-overlay-wrap\" data-bg-animation=\"none\"><div class=\"column-bg-overlay\"><\/div><\/div>\n\t\t\t<div class=\"wpb_wrapper\">\n\t\t\t\t\n<div class=\"wpb_text_column wpb_content_element\" >\n\t<div class=\"wpb_wrapper\">\n\t\t<h2><strong>Regler for bekl\u00e6dning og hj\u00e6lpemidler til k\u00e5ring i Hannoveraner Verband.<\/strong><\/h2>\n<h3><strong>Bekl\u00e6dning Rytter:<\/strong><\/h3>\n<ul>\n<li>St\u00e6vnejakke<\/li>\n<li>Hvide\/off White ridebukser og handsker<\/li>\n<li>Godkendt sikkerhedshjelm<\/li>\n<li>Ridest\u00f8vler<\/li>\n<\/ul>\n<h3><strong>Hoppe med f\u00f8l:<\/strong><\/h3>\n<ul>\n<li>Hoppe trense eller grime- valgfri<\/li>\n<li>F\u00f8l &#8211; uden grime<\/li>\n<\/ul>\n<h3><strong>2-\u00e5rs:<\/strong><\/h3>\n<ul>\n<li>I grime- trense ikke tilladt<\/li>\n<li>Sko, gamacher, bandager, klokker <strong>er ikke tilladt<\/strong><\/li>\n<\/ul>\n<h3><strong>Ridepr\u00f8ve:<\/strong><\/h3>\n<ul>\n<li>Pisk maks 120cm<\/li>\n<li>Sporer maks 4,5cm<\/li>\n<li>Bandager, gamacher, klokker tilladt p\u00e5 opvarmningen<\/li>\n<li>Bandager p\u00e5 forben tilladt i ridepr\u00f8ve<\/li>\n<li>Hvidt underlag<\/li>\n<li>Trense og sadel tilpasset hesten<\/li>\n<\/ul>\n<h3><strong>Springheste:<\/strong><\/h3>\n<ul>\n<li>Gamacher tilladt ved l\u00f8sspringning<\/li>\n<\/ul>\n<h3><strong>Hvad kan mit f\u00f8l opn\u00e5 i Hannoveraner Verband<\/strong><\/h3>\n<p>Dit f\u00f8l kan opn\u00e5 guldmedalje til f\u00f8lskue og hjemme besigtigelse, guldmedalje gives til f\u00f8l med et karaktergennemsnit p\u00e5 8 eller derover.<\/p>\n<p>Derudover kan dit f\u00f8l, der deltager til det \u00e5rlige f\u00f8lskue afholdt af Hannoveraner Avlsforeningen i DK opn\u00e5 udv\u00e6lgelse til eliteskue og auktion i forbindelse med Herwart v.d Decken-Shau i Verden, Tyskland, hvert \u00e5r i august.<\/p>\n<h3><strong>Hvad kan min hoppe opn\u00e5<\/strong><\/h3>\n<p>Hopper der g\u00e5r k\u00e5ring til den \u00e5rlige hoppek\u00e5ring i juni via Hannoveraner avlsforeningen i Danmark kan opn\u00e5:<\/p>\n<ul>\n<li>3\u00e5rs hopper kan opn\u00e5 Premium status, samt den kan opn\u00e5 invitation til det \u00e5rlige Herwart v.d Decken-Shau i Verden, Tyskland. (Hannoveraner Verband\u2019s eliteskue) d\n<ul>\n<li>din hoppe skal g\u00e5 eksteri\u00f8r k\u00e5ring.<\/li>\n<\/ul>\n<\/li>\n<li>4\u00e5rs hoppe kan opn\u00e5 Premium status, samt opn\u00e5 invitation til det \u00e5rlige Herwart v.d Decken-Shau i Verden, Tyskland. (Hannoveraner Verband\u2019s eliteskue)\n<ul>\n<li>din hoppe skal g\u00e5 eksteri\u00f8r k\u00e5ring samt ridepr\u00f8ve.<\/li>\n<\/ul>\n<\/li>\n<li>5\u00e5rs hopper kan opn\u00e5 Premium status.\n<ul>\n<li>Din hoppe skal g\u00e5 eksteri\u00f8r k\u00e5ring.<\/li>\n<\/ul>\n<\/li>\n<li>Alle premium hopper kan opn\u00e5 yderligere:\n<ul>\n<li>Vet+ ved fremsendelse af god r\u00f8ntgen status (samme vilk\u00e5r som k\u00e5rede hingste) samt klinisk erkl\u00e6ring. R\u00f8ntgenbilleder skal v\u00e6re fra hesten er 22mdr eller \u00e6ldre. Klinisk attest skal v\u00e6re ny, se f\u00f8lgende link: https:\/\/en.hannoveraner.com\/fileadmin\/dateien\/Download_pdf\/Stutbuch\/vet__klinische_Untersuchung.pdf<\/li>\n<li>Exterieur+ kan udn\u00e6vnes af dommerne til de \u00e5rlige hoppek\u00e5ringer og gives til hopper med bem\u00e6rkelsesv\u00e6rdige god konstruktion af krop og fundament.<\/li>\n<\/ul>\n<\/li>\n<li>Alle avlshopper kan opn\u00e5 f\u00f8lgende stjerne program:\n<ul>\n<li>1 * gives p\u00e5 baggrund af hoppens egne pr\u00e6stationer ved \u201cMare performance test\u201d eller \u201cHannoveraner riding horse Championship\u201d<\/li>\n<li>2* gives for hoppens egne resultater i komkurranc<\/li>\n<li>3* gives p\u00e5 baggrund af succesfulde afkoms resultater evt. deltagelse i Bundeschampionat, finaleplacering ved \u201cHannoveraner riding horse Championship\u201d samt resultater p\u00e5 s-niveau.<\/li>\n<\/ul>\n<\/li>\n<\/ul>\n\t<\/div>\n<\/div>\n\n\n\n\n\t\t\t<\/div> \n\t\t<\/div>\n\t<\/div> \n<\/div><\/div>","protected":false},"excerpt":{"rendered":"Arrangement: Har I f\u00e5et min tilmelding? Bekr\u00e6ftelse for tilmelding og medlemskab bliver sendt pr mail. F\u00f8l registrering: Hvordan f\u00e5r jeg registreret mit f\u00f8l s\u00e5 den f\u00e5r pas, chip osv? Der...","protected":false},"author":1,"featured_media":0,"parent":0,"menu_order":0,"comment_status":"closed","ping_status":"closed","template":"","meta":{"_monsterinsights_skip_tracking":false,"_monsterinsights_sitenote_active":false,"_monsterinsights_sitenote_note":"","_monsterinsights_sitenote_category":0},"_links":{"self":[{"href":"https:\/\/hannoveranerdanmark.dk\/en\/wp-json\/wp\/v2\/pages\/3757"}],"collection":[{"href":"https:\/\/hannoveranerdanmark.dk\/en\/wp-json\/wp\/v2\/pages"}],"about":[{"href":"https:\/\/hannoveranerdanmark.dk\/en\/wp-json\/wp\/v2\/types\/page"}],"author":[{"embeddable":true,"href":"https:\/\/hannoveranerdanmark.dk\/en\/wp-json\/wp\/v2\/users\/1"}],"replies":[{"embeddable":true,"href":"https:\/\/hannoveranerdanmark.dk\/en\/wp-json\/wp\/v2\/comments?post=3757"}],"version-history":[{"count":6,"href":"https:\/\/hannoveranerdanmark.dk\/en\/wp-json\/wp\/v2\/pages\/3757\/revisions"}],"predecessor-version":[{"id":3763,"href":"https:\/\/hannoveranerdanmark.dk\/en\/wp-json\/wp\/v2\/pages\/3757\/revisions\/3763"}],"wp:attachment":[{"href":"https:\/\/hannoveranerdanmark.dk\/en\/wp-json\/wp\/v2\/media?parent=3757"}],"curies":[{"name":"wp","href":"https:\/\/api.w.org\/{rel}","templated":true}]}}